{"id":32046,"date":"2023-02-02T22:34:37","date_gmt":"2023-02-02T22:34:37","guid":{"rendered":"https:\/\/mavrica.com\/sehenswuerdigkeiten\/"},"modified":"2024-04-14T06:28:02","modified_gmt":"2024-04-14T06:28:02","slug":"sehenswuerdigkeiten","status":"publish","type":"page","link":"https:\/\/mavrica.com\/de\/sehenswuerdigkeiten\/","title":{"rendered":"Sehensw\u00fcrdigkeiten"},"content":{"rendered":"\t\t<div data-elementor-type=\"wp-page\" data-elementor-id=\"32046\" class=\"elementor elementor-32046 elementor-31714\" data-elementor-post-type=\"page\">\n\t\t\t\t\t\t<section class=\"elementor-section elementor-top-section elementor-element elementor-element-c8925cf elementor-section-boxed elementor-section-height-default elementor-section-height-default\" data-id=\"c8925cf\" data-element_type=\"section\" data-e-type=\"section\">\n\t\t\t\t\t\t<div class=\"elementor-container elementor-column-gap-default\">\n\t\t\t\t\t<div class=\"elementor-column elementor-col-100 elementor-top-column elementor-element elementor-element-614a6e1\" data-id=\"614a6e1\" data-element_type=\"column\" data-e-type=\"column\">\n\t\t\t<div class=\"elementor-widget-wrap elementor-element-populated\">\n\t\t\t\t\t\t<section class=\"elementor-section elementor-inner-section elementor-element elementor-element-1d03805 elementor-section-boxed elementor-section-height-default elementor-section-height-default\" data-id=\"1d03805\" data-element_type=\"section\" data-e-type=\"section\" data-settings=\"{&quot;background_background&quot;:&quot;classic&quot;}\">\n\t\t\t\t\t\t\t<div class=\"elementor-background-overlay\"><\/div>\n\t\t\t\t\t\t\t<div class=\"elementor-container elementor-column-gap-default\">\n\t\t\t\t\t<div class=\"elementor-column elementor-col-100 elementor-inner-column elementor-element elementor-element-84c6ea1\" data-id=\"84c6ea1\" data-element_type=\"column\" data-e-type=\"column\">\n\t\t\t<div class=\"elementor-widget-wrap elementor-element-populated\">\n\t\t\t\t\t\t<div class=\"elementor-element elementor-element-3e7bbde elementor-widget elementor-widget-heading\" data-id=\"3e7bbde\" data-element_type=\"widget\" data-e-type=\"widget\" data-widget_type=\"heading.default\">\n\t\t\t\t<div class=\"elementor-widget-container\">\n\t\t\t\t\t<h1 class=\"elementor-heading-title elementor-size-default\">Sehensw\u00fcrdigkeiten und die Umgebung<\/h1>\t\t\t\t<\/div>\n\t\t\t\t<\/div>\n\t\t\t\t<div class=\"elementor-element elementor-element-2cd0092 elementor-widget elementor-widget-text-editor\" data-id=\"2cd0092\" data-element_type=\"widget\" data-e-type=\"widget\" data-widget_type=\"text-editor.default\">\n\t\t\t\t<div class=\"elementor-widget-container\">\n\t\t\t\t\t\t\t\t\t<p>Auf dem Wochenmarkt gibt es k\u00f6stliche Leckerbissen f\u00fcr das Fr\u00fchst\u00fcck, ein Laden mit lokalen Produkten ist nur f\u00fcnf Gehminuten vom Appartement entfernt. Im Ort sind drei Gastst\u00e4tten, die unterschiedlichen Geschm\u00e4ckern gen\u00fcgen. Einen kurzen Spaziergang entfernt befindet sich die Teufelsbr\u00fccke und der geheimnisvolle Trog Mostnica. Mit dem Elektroboot k\u00f6nnen Sie die Stille auf dem See genie\u00dfen oder sich auf einem gem\u00fctlichen Spaziergang zu den zahlreichen anderen Sehensw\u00fcrdigkeiten aufmachen.<\/p>\n\t\t\t\t\t\t\t\t<\/div>\n\t\t\t\t<\/div>\n\t\t\t\t\t<\/div>\n\t\t<\/div>\n\t\t\t\t\t<\/div>\n\t\t<\/section>\n\t\t\t\t\t<\/div>\n\t\t<\/div>\n\t\t\t\t\t<\/div>\n\t\t<\/section>\n\t\t\t\t<section class=\"elementor-section elementor-top-section elementor-element elementor-element-c6b51ff custom-swiper elementor-section-boxed elementor-section-height-default elementor-section-height-default\" data-id=\"c6b51ff\" data-element_type=\"section\" data-e-type=\"section\" data-settings=\"{&quot;background_background&quot;:&quot;classic&quot;}\">\n\t\t\t\t\t\t<div class=\"elementor-container elementor-column-gap-no\">\n\t\t\t\t\t<div class=\"elementor-column elementor-col-12 elementor-top-column elementor-element elementor-element-90ec571\" data-id=\"90ec571\" data-element_type=\"column\" data-e-type=\"column\" data-settings=\"{&quot;background_background&quot;:&quot;classic&quot;}\">\n\t\t\t<div class=\"elementor-widget-wrap elementor-element-populated\">\n\t\t\t\t\t<div class=\"elementor-background-overlay\"><\/div>\n\t\t\t\t\t\t<div class=\"elementor-element elementor-element-cd879cc elementor-widget elementor-widget-heading\" data-id=\"cd879cc\" data-element_type=\"widget\" data-e-type=\"widget\" data-swiper-parallax-x=\"-100%\" data-swiper-parallax-duration=\"500\" data-widget_type=\"heading.default\">\n\t\t\t\t<div class=\"elementor-widget-container\">\n\t\t\t\t\t<h2 class=\"elementor-heading-title elementor-size-default\">Die Taufe an der Savica<\/h2>\t\t\t\t<\/div>\n\t\t\t\t<\/div>\n\t\t\t\t<div class=\"elementor-element elementor-element-ca31ffd elementor-widget elementor-widget-heading\" data-id=\"ca31ffd\" data-element_type=\"widget\" data-e-type=\"widget\" data-swiper-parallax-x=\"-100%\" data-swiper-parallax-duration=\"800\" data-widget_type=\"heading.default\">\n\t\t\t\t<div class=\"elementor-widget-container\">\n\t\t\t\t\t<div class=\"elementor-heading-title elementor-size-default\">Der Savica-Wasserfall erz\u00e4hlt das ganze Jahr \u00fcber Geschichten (Gantar, slovenia.info)<\/div>\t\t\t\t<\/div>\n\t\t\t\t<\/div>\n\t\t\t\t\t<\/div>\n\t\t<\/div>\n\t\t\t\t<div class=\"elementor-column elementor-col-12 elementor-top-column elementor-element elementor-element-64a8b4a\" data-id=\"64a8b4a\" data-element_type=\"column\" data-e-type=\"column\" data-settings=\"{&quot;background_background&quot;:&quot;classic&quot;}\">\n\t\t\t<div class=\"elementor-widget-wrap elementor-element-populated\">\n\t\t\t\t\t<div class=\"elementor-background-overlay\"><\/div>\n\t\t\t\t\t\t<div class=\"elementor-element elementor-element-8c860ec elementor-widget elementor-widget-heading\" data-id=\"8c860ec\" data-element_type=\"widget\" data-e-type=\"widget\" data-swiper-parallax-x=\"-100%\" data-swiper-parallax-duration=\"500\" data-widget_type=\"heading.default\">\n\t\t\t\t<div class=\"elementor-widget-container\">\n\t\t\t\t\t<h2 class=\"elementor-heading-title elementor-size-default\">Elektroboot<\/h2>\t\t\t\t<\/div>\n\t\t\t\t<\/div>\n\t\t\t\t<div class=\"elementor-element elementor-element-70a81c7 elementor-widget elementor-widget-heading\" data-id=\"70a81c7\" data-element_type=\"widget\" data-e-type=\"widget\" data-swiper-parallax-x=\"-100%\" data-swiper-parallax-duration=\"800\" data-widget_type=\"heading.default\">\n\t\t\t\t<div class=\"elementor-widget-container\">\n\t\t\t\t\t<div class=\"elementor-heading-title elementor-size-default\">Schaffen Sie Erinnerungen bei einer stillen Fahrt auf der Alpenperle (Sodja, slovenija.info)<\/div>\t\t\t\t<\/div>\n\t\t\t\t<\/div>\n\t\t\t\t\t<\/div>\n\t\t<\/div>\n\t\t\t\t<div class=\"elementor-column elementor-col-12 elementor-top-column elementor-element elementor-element-8097e66\" data-id=\"8097e66\" data-element_type=\"column\" data-e-type=\"column\" data-settings=\"{&quot;background_background&quot;:&quot;classic&quot;}\">\n\t\t\t<div class=\"elementor-widget-wrap elementor-element-populated\">\n\t\t\t\t\t<div class=\"elementor-background-overlay\"><\/div>\n\t\t\t\t\t\t<div class=\"elementor-element elementor-element-d3aa93b elementor-widget elementor-widget-heading\" data-id=\"d3aa93b\" data-element_type=\"widget\" data-e-type=\"widget\" data-swiper-parallax-x=\"-100%\" data-swiper-parallax-duration=\"500\" data-widget_type=\"heading.default\">\n\t\t\t\t<div class=\"elementor-widget-container\">\n\t\t\t\t\t<h2 class=\"elementor-heading-title elementor-size-default\">Vier herzliche Bohinjer<\/h2>\t\t\t\t<\/div>\n\t\t\t\t<\/div>\n\t\t\t\t<div class=\"elementor-element elementor-element-8b08508 elementor-widget elementor-widget-heading\" data-id=\"8b08508\" data-element_type=\"widget\" data-e-type=\"widget\" data-swiper-parallax-x=\"-100%\" data-swiper-parallax-duration=\"800\" data-widget_type=\"heading.default\">\n\t\t\t\t<div class=\"elementor-widget-container\">\n\t\t\t\t\t<div class=\"elementor-heading-title elementor-size-default\">Lernen Sie die Geschichte der Erstbesteiger des h\u00f6chsten slowenischen Bergs kennen (Nea Culpa, slovenija.info)<\/div>\t\t\t\t<\/div>\n\t\t\t\t<\/div>\n\t\t\t\t\t<\/div>\n\t\t<\/div>\n\t\t\t\t<div class=\"elementor-column elementor-col-12 elementor-top-column elementor-element elementor-element-d378d3c\" data-id=\"d378d3c\" data-element_type=\"column\" data-e-type=\"column\" data-settings=\"{&quot;background_background&quot;:&quot;classic&quot;}\">\n\t\t\t<div class=\"elementor-widget-wrap elementor-element-populated\">\n\t\t\t\t\t<div class=\"elementor-background-overlay\"><\/div>\n\t\t\t\t\t\t<div class=\"elementor-element elementor-element-0c41db5 elementor-widget elementor-widget-heading\" data-id=\"0c41db5\" data-element_type=\"widget\" data-e-type=\"widget\" data-swiper-parallax-x=\"-100%\" data-swiper-parallax-duration=\"500\" data-widget_type=\"heading.default\">\n\t\t\t\t<div class=\"elementor-widget-container\">\n\t\t\t\t\t<h2 class=\"elementor-heading-title elementor-size-default\">Lokale Leckereien<\/h2>\t\t\t\t<\/div>\n\t\t\t\t<\/div>\n\t\t\t\t<div class=\"elementor-element elementor-element-11a3309 elementor-widget elementor-widget-heading\" data-id=\"11a3309\" data-element_type=\"widget\" data-e-type=\"widget\" data-swiper-parallax-x=\"-100%\" data-swiper-parallax-duration=\"800\" data-widget_type=\"heading.default\">\n\t\t\t\t<div class=\"elementor-widget-container\">\n\t\t\t\t\t<div class=\"elementor-heading-title elementor-size-default\">Bohinjer Produkte vom Markt oder Laden, vom Joghurt bis zur M\u00fctze (Turizem Bohinj, slovenia.info)<\/div>\t\t\t\t<\/div>\n\t\t\t\t<\/div>\n\t\t\t\t\t<\/div>\n\t\t<\/div>\n\t\t\t\t<div class=\"elementor-column elementor-col-12 elementor-top-column elementor-element elementor-element-9b41cc9\" data-id=\"9b41cc9\" data-element_type=\"column\" data-e-type=\"column\" data-settings=\"{&quot;background_background&quot;:&quot;classic&quot;}\">\n\t\t\t<div class=\"elementor-widget-wrap elementor-element-populated\">\n\t\t\t\t\t<div class=\"elementor-background-overlay\"><\/div>\n\t\t\t\t\t\t<div class=\"elementor-element elementor-element-b6f0073 elementor-widget elementor-widget-heading\" data-id=\"b6f0073\" data-element_type=\"widget\" data-e-type=\"widget\" data-swiper-parallax-x=\"-100%\" data-swiper-parallax-duration=\"500\" data-widget_type=\"heading.default\">\n\t\t\t\t<div class=\"elementor-widget-container\">\n\t\t\t\t\t<h2 class=\"elementor-heading-title elementor-size-default\">Restaurants<\/h2>\t\t\t\t<\/div>\n\t\t\t\t<\/div>\n\t\t\t\t<div class=\"elementor-element elementor-element-517fa9e elementor-widget elementor-widget-heading\" data-id=\"517fa9e\" data-element_type=\"widget\" data-e-type=\"widget\" data-swiper-parallax-x=\"-100%\" data-swiper-parallax-duration=\"800\" data-widget_type=\"heading.default\">\n\t\t\t\t<div class=\"elementor-widget-container\">\n\t\t\t\t\t<div class=\"elementor-heading-title elementor-size-default\">Verw\u00f6hnen Sie sich beim Abendessen mit einem guten Glas Wein oder einem lokalen Craft-Bier (Turizem Bohinj, slovenia.info)<\/div>\t\t\t\t<\/div>\n\t\t\t\t<\/div>\n\t\t\t\t\t<\/div>\n\t\t<\/div>\n\t\t\t\t<div class=\"elementor-column elementor-col-12 elementor-top-column elementor-element elementor-element-3e2c759\" data-id=\"3e2c759\" data-element_type=\"column\" data-e-type=\"column\" data-settings=\"{&quot;background_background&quot;:&quot;classic&quot;}\">\n\t\t\t<div class=\"elementor-widget-wrap elementor-element-populated\">\n\t\t\t\t\t<div class=\"elementor-background-overlay\"><\/div>\n\t\t\t\t\t\t<div class=\"elementor-element elementor-element-e36965d elementor-widget elementor-widget-heading\" data-id=\"e36965d\" data-element_type=\"widget\" data-e-type=\"widget\" data-swiper-parallax-x=\"-100%\" data-swiper-parallax-duration=\"500\" data-widget_type=\"heading.default\">\n\t\t\t\t<div class=\"elementor-widget-container\">\n\t\t\t\t\t<h2 class=\"elementor-heading-title elementor-size-default\">Toplar-Heuharfen in Studor<\/h2>\t\t\t\t<\/div>\n\t\t\t\t<\/div>\n\t\t\t\t<div class=\"elementor-element elementor-element-e34027d elementor-widget elementor-widget-heading\" data-id=\"e34027d\" data-element_type=\"widget\" data-e-type=\"widget\" data-swiper-parallax-x=\"-100%\" data-swiper-parallax-duration=\"800\" data-widget_type=\"heading.default\">\n\t\t\t\t<div class=\"elementor-widget-container\">\n\t\t\t\t\t<div class=\"elementor-heading-title elementor-size-default\">Wohin schweifen meine Gedanken, wenn ich die Augen schlie\u00dfe und es nach Heu duftet? (Ma\u0161i\u010d, slovenija.info)<\/div>\t\t\t\t<\/div>\n\t\t\t\t<\/div>\n\t\t\t\t\t<\/div>\n\t\t<\/div>\n\t\t\t\t<div class=\"elementor-column elementor-col-12 elementor-top-column elementor-element elementor-element-b451982\" data-id=\"b451982\" data-element_type=\"column\" data-e-type=\"column\" data-settings=\"{&quot;background_background&quot;:&quot;classic&quot;}\">\n\t\t\t<div class=\"elementor-widget-wrap elementor-element-populated\">\n\t\t\t\t\t<div class=\"elementor-background-overlay\"><\/div>\n\t\t\t\t\t\t<div class=\"elementor-element elementor-element-6e9e31d elementor-widget elementor-widget-heading\" data-id=\"6e9e31d\" data-element_type=\"widget\" data-e-type=\"widget\" data-swiper-parallax-x=\"-100%\" data-swiper-parallax-duration=\"500\" data-widget_type=\"heading.default\">\n\t\t\t\t<div class=\"elementor-widget-container\">\n\t\t\t\t\t<h2 class=\"elementor-heading-title elementor-size-default\">Center des Nationalparks Triglav<\/h2>\t\t\t\t<\/div>\n\t\t\t\t<\/div>\n\t\t\t\t<div class=\"elementor-element elementor-element-a84322e elementor-widget elementor-widget-heading\" data-id=\"a84322e\" data-element_type=\"widget\" data-e-type=\"widget\" data-swiper-parallax-x=\"-100%\" data-swiper-parallax-duration=\"800\" data-widget_type=\"heading.default\">\n\t\t\t\t<div class=\"elementor-widget-container\">\n\t\t\t\t\t<div class=\"elementor-heading-title elementor-size-default\">Ein paar Minuten f\u00fcr lehrreiche Infos und Ruhe mit Seeblick (Srebrni\u010d, slovenija.info)<\/div>\t\t\t\t<\/div>\n\t\t\t\t<\/div>\n\t\t\t\t\t<\/div>\n\t\t<\/div>\n\t\t\t\t<div class=\"elementor-column elementor-col-12 elementor-top-column elementor-element elementor-element-566ef1e\" data-id=\"566ef1e\" data-element_type=\"column\" data-e-type=\"column\" data-settings=\"{&quot;background_background&quot;:&quot;classic&quot;}\">\n\t\t\t<div class=\"elementor-widget-wrap elementor-element-populated\">\n\t\t\t\t\t<div class=\"elementor-background-overlay\"><\/div>\n\t\t\t\t\t\t<div class=\"elementor-element elementor-element-c6de3f3 elementor-widget elementor-widget-heading\" data-id=\"c6de3f3\" data-element_type=\"widget\" data-e-type=\"widget\" data-swiper-parallax-x=\"-100%\" data-swiper-parallax-duration=\"500\" data-widget_type=\"heading.default\">\n\t\t\t\t<div class=\"elementor-widget-container\">\n\t\t\t\t\t<h2 class=\"elementor-heading-title elementor-size-default\">Konzerte, Veranstaltungen, Vorstellungen<\/h2>\t\t\t\t<\/div>\n\t\t\t\t<\/div>\n\t\t\t\t<div class=\"elementor-element elementor-element-cad70eb elementor-widget elementor-widget-heading\" data-id=\"cad70eb\" data-element_type=\"widget\" data-e-type=\"widget\" data-swiper-parallax-x=\"-100%\" data-swiper-parallax-duration=\"800\" data-widget_type=\"heading.default\">\n\t\t\t\t<div class=\"elementor-widget-container\">\n\t\t\t\t\t<div class=\"elementor-heading-title elementor-size-default\">Wohin n\u00e4chste Woche? (Turizem Bohinj, slovenija.info)<\/div>\t\t\t\t<\/div>\n\t\t\t\t<\/div>\n\t\t\t\t<div class=\"elementor-element elementor-element-dabf5df elementor-widget elementor-widget-heading\" data-id=\"dabf5df\" data-element_type=\"widget\" data-e-type=\"widget\" data-swiper-parallax-x=\"-100%\" data-swiper-parallax-duration=\"800\" data-widget_type=\"heading.default\">\n\t\t\t\t<div class=\"elementor-widget-container\">\n\t\t\t\t\t<div class=\"elementor-heading-title elementor-size-default\"><a href=\"https:\/\/www.bohinj.si\/prireditve\/\">Veranstaltungskalender <\/a><\/div>\t\t\t\t<\/div>\n\t\t\t\t<\/div>\n\t\t\t\t\t<\/div>\n\t\t<\/div>\n\t\t\t\t\t<\/div>\n\t\t<\/section>\n\t\t\t\t<section class=\"elementor-section elementor-top-section elementor-element elementor-element-fb79612 elementor-section-boxed elementor-section-height-default elementor-section-height-default\" data-id=\"fb79612\" data-element_type=\"section\" data-e-type=\"section\" data-settings=\"{&quot;background_background&quot;:&quot;classic&quot;}\">\n\t\t\t\t\t\t<div class=\"elementor-container elementor-column-gap-default\">\n\t\t\t\t\t<div class=\"elementor-column elementor-col-100 elementor-top-column elementor-element elementor-element-4d1c18d\" data-id=\"4d1c18d\" data-element_type=\"column\" data-e-type=\"column\">\n\t\t\t<div class=\"elementor-widget-wrap elementor-element-populated\">\n\t\t\t\t\t\t<div class=\"elementor-element elementor-element-e05d6ef elementor-widget elementor-widget-html\" data-id=\"e05d6ef\" data-element_type=\"widget\" data-e-type=\"widget\" data-widget_type=\"html.default\">\n\t\t\t\t<div class=\"elementor-widget-container\">\n\t\t\t\t\t<script>\n\/* we have to be sure that both jQuery Library and Swiper are loaded BEFORE we run our code *\/\n( function() {\n  var the_timer = setInterval( function() {\n      if( typeof Swiper && typeof jQuery ) {\n          runTheCode();\n          clearInterval( the_timer );\n      }\n  }, 100 );\n} )();\nfunction runTheCode() {\n    \/\/ add 'swiper-container' class to .elementor-container\n    jQuery( '.custom-swiper > .elementor-container' ).addClass( 'swiper-container' );\n    \/\/ add 'swiper-wrapper' class to .elementor-row\n    jQuery( '.custom-swiper .swiper-container > .elementor-row' ).addClass( 'swiper-wrapper' );\n    \/\/ add 'swiper-slide' class to each column\n    jQuery( '.custom-swiper .swiper-wrapper > div' ).addClass( 'swiper-slide' );\n    \/\/ previous & next \n    jQuery( '.custom-swiper .swiper-container' ).append( '<div class=\"swiper-button-next\"><\/div>' ).append( '<div class=\"swiper-button-prev\"><\/div>' );\n    \/\/ pagination\n    jQuery( '.custom-swiper .swiper-container' ).append( '<div class=\"swiper-pagination\"><\/div>' );\n    \n    var swiper = new Swiper('.custom-swiper > .elementor-container', {\n      loop: true, \n      parallax: true,\n      speed: 500, \n      \n      autoplay: {\n          delay: 3500,\n          disableOnInteraction: false,\n      },\n      navigation: {\n        nextEl: '.swiper-button-next',\n        prevEl: '.swiper-button-prev',\n      },\n      \/*\n      pagination: {\n        el: '.custom-swiper .swiper-pagination', \n        type: 'bullets', \n        clickable: true, \n      },\n      *\/\n    });\n};\n<\/script>\t\t\t\t<\/div>\n\t\t\t\t<\/div>\n\t\t\t\t\t<\/div>\n\t\t<\/div>\n\t\t\t\t\t<\/div>\n\t\t<\/section>\n\t\t\t\t<\/div>\n\t\t","protected":false},"excerpt":{"rendered":"<p>Sehensw\u00fcrdigkeiten und die Umgebung Auf dem Wochenmarkt gibt es k\u00f6stliche Leckerbissen f\u00fcr das Fr\u00fchst\u00fcck, ein Laden mit lokalen Produkten ist nur f\u00fcnf Gehminuten vom Appartement entfernt. Im Ort sind drei Gastst\u00e4tten, die unterschiedlichen Geschm\u00e4ckern gen\u00fcgen. Einen kurzen Spaziergang entfernt befindet sich die Teufelsbr\u00fccke und der geheimnisvolle Trog Mostnica. Mit dem Elektroboot k\u00f6nnen Sie die Stille [&hellip;]<\/p>\n","protected":false},"author":7,"featured_media":0,"parent":0,"menu_order":0,"comment_status":"closed","ping_status":"closed","template":"","meta":{"footnotes":""},"class_list":["post-32046","page","type-page","status-publish","hentry"],"_links":{"self":[{"href":"https:\/\/mavrica.com\/de\/wp-json\/wp\/v2\/pages\/32046","targetHints":{"allow":["GET"]}}],"collection":[{"href":"https:\/\/mavrica.com\/de\/wp-json\/wp\/v2\/pages"}],"about":[{"href":"https:\/\/mavrica.com\/de\/wp-json\/wp\/v2\/types\/page"}],"author":[{"embeddable":true,"href":"https:\/\/mavrica.com\/de\/wp-json\/wp\/v2\/users\/7"}],"replies":[{"embeddable":true,"href":"https:\/\/mavrica.com\/de\/wp-json\/wp\/v2\/comments?post=32046"}],"version-history":[{"count":2,"href":"https:\/\/mavrica.com\/de\/wp-json\/wp\/v2\/pages\/32046\/revisions"}],"predecessor-version":[{"id":32196,"href":"https:\/\/mavrica.com\/de\/wp-json\/wp\/v2\/pages\/32046\/revisions\/32196"}],"wp:attachment":[{"href":"https:\/\/mavrica.com\/de\/wp-json\/wp\/v2\/media?parent=32046"}],"curies":[{"name":"wp","href":"https:\/\/api.w.org\/{rel}","templated":true}]}}