{"id":32048,"date":"2023-01-16T22:32:39","date_gmt":"2023-01-16T22:32:39","guid":{"rendered":"https:\/\/mavrica.com\/ferienwohnung-fuer-8-bis-10-personen\/"},"modified":"2023-06-03T18:21:37","modified_gmt":"2023-06-03T18:21:37","slug":"ferienwohnung-fuer-8-bis-10-personen","status":"publish","type":"page","link":"https:\/\/mavrica.com\/de\/ferienwohnungen\/ferienwohnung-fuer-8-bis-10-personen\/","title":{"rendered":"Ferienwohnung f\u00fcr 8 bis 10 Personen"},"content":{"rendered":"\t\t<div data-elementor-type=\"wp-page\" data-elementor-id=\"32048\" class=\"elementor elementor-32048 elementor-30715\" data-elementor-post-type=\"page\">\n\t\t\t\t\t\t<section class=\"elementor-section elementor-top-section elementor-element elementor-element-3b6d2cf elementor-section-boxed elementor-section-height-default elementor-section-height-default\" data-id=\"3b6d2cf\" data-element_type=\"section\" data-e-type=\"section\">\n\t\t\t\t\t\t<div class=\"elementor-container elementor-column-gap-default\">\n\t\t\t\t\t<div class=\"elementor-column elementor-col-100 elementor-top-column elementor-element elementor-element-83578e0\" data-id=\"83578e0\" data-element_type=\"column\" data-e-type=\"column\">\n\t\t\t<div class=\"elementor-widget-wrap elementor-element-populated\">\n\t\t\t\t\t\t<section class=\"elementor-section elementor-inner-section elementor-element elementor-element-c6f4da6 elementor-section-boxed elementor-section-height-default elementor-section-height-default\" data-id=\"c6f4da6\" data-element_type=\"section\" data-e-type=\"section\" data-settings=\"{&quot;background_background&quot;:&quot;classic&quot;}\">\n\t\t\t\t\t\t\t<div class=\"elementor-background-overlay\"><\/div>\n\t\t\t\t\t\t\t<div class=\"elementor-container elementor-column-gap-default\">\n\t\t\t\t\t<div class=\"elementor-column elementor-col-50 elementor-inner-column elementor-element elementor-element-aa7831d\" data-id=\"aa7831d\" data-element_type=\"column\" data-e-type=\"column\">\n\t\t\t<div class=\"elementor-widget-wrap elementor-element-populated\">\n\t\t\t\t\t\t<div class=\"elementor-element elementor-element-abb100b elementor-widget elementor-widget-heading\" data-id=\"abb100b\" data-element_type=\"widget\" data-e-type=\"widget\" data-widget_type=\"heading.default\">\n\t\t\t\t<div class=\"elementor-widget-container\">\n\t\t\t\t\t<h2 class=\"elementor-heading-title elementor-size-default\">Ferienwohnung f\u00fcr 8 bis 10 Personen<\/h2>\t\t\t\t<\/div>\n\t\t\t\t<\/div>\n\t\t\t\t<div class=\"elementor-element elementor-element-6ecb967 elementor-widget elementor-widget-text-editor\" data-id=\"6ecb967\" data-element_type=\"widget\" data-e-type=\"widget\" data-widget_type=\"text-editor.default\">\n\t\t\t\t<div class=\"elementor-widget-container\">\n\t\t\t\t\t\t\t\t\t<div>Die zweist\u00f6ckige Ferienwohnung in Bohinj ist ein idealer Ort f\u00fcr den Familienurlaub mit mehreren Generationen oder Gruppenreisen mit Freunden. Es hat eine Gr\u00f6\u00dfe von 85 m<span style=\"font-size: 0.6em; vertical-align: super;\">2<\/span>.\u00a0<\/div>\n<div>\u00a0<\/div>\n<div>Im oberen Stockwerk sind zwei Schlafzimmer, eines mit zwei und das andere mit vier Betten. Im unteren bereich ist ein Schlafzimmer mit vier betten. Im unteren Teil sind auch zwei Balkone mit einem wundersch\u00f6nen Blick auf die Bohinjer Berge mit dem Triglav in der Mitte.<\/div>\n<div>\u00a0<\/div>\n<div>Der gro\u00dfe Wohnraum ist mit K\u00fcche mit Backofen, einem gro\u00dfen Tisch, einer gem\u00fctlichen Couch und einem Smart-TV ausgestattet, .<\/div>\n<div>\u00a0<\/div>\n<div>Die Ferienwohnung ist geradezu daf\u00fcr geschaffen, <i>vollkommen abzuschalten&#8230; <\/i>Kurzum, ein ruhiger Ort, der Ihnen Urlaubsqualit\u00e4t mit viel Wohlbefinden erm\u00f6glicht.<\/div>\n\t\t\t\t\t\t\t\t<\/div>\n\t\t\t\t<\/div>\n\t\t\t\t\t<\/div>\n\t\t<\/div>\n\t\t\t\t<div class=\"elementor-column elementor-col-50 elementor-inner-column elementor-element elementor-element-0b99198\" data-id=\"0b99198\" data-element_type=\"column\" data-e-type=\"column\">\n\t\t\t<div class=\"elementor-widget-wrap elementor-element-populated\">\n\t\t\t\t\t\t<div class=\"elementor-element elementor-element-f9e0f50 elementor-widget elementor-widget-html\" data-id=\"f9e0f50\" data-element_type=\"widget\" data-e-type=\"widget\" data-widget_type=\"html.default\">\n\t\t\t\t<div class=\"elementor-widget-container\">\n\t\t\t\t\t<script src=\"\/\/www.bentral.com\/service\/embed\/booking.js?id=5f6a45354d675f4d&unit=5f5455314d775f4e&width=full&lang=de&key=7ed9447733c2cdaa0a00dcc8209d4bcd\"><\/script>\t\t\t\t<\/div>\n\t\t\t\t<\/div>\n\t\t\t\t\t<\/div>\n\t\t<\/div>\n\t\t\t\t\t<\/div>\n\t\t<\/section>\n\t\t\t\t\t<\/div>\n\t\t<\/div>\n\t\t\t\t\t<\/div>\n\t\t<\/section>\n\t\t\t\t<section class=\"elementor-section elementor-top-section elementor-element elementor-element-e897123 custom-swiper elementor-section-boxed elementor-section-height-default elementor-section-height-default\" data-id=\"e897123\" data-element_type=\"section\" data-e-type=\"section\" data-settings=\"{&quot;background_background&quot;:&quot;classic&quot;}\">\n\t\t\t\t\t\t<div class=\"elementor-container elementor-column-gap-no\">\n\t\t\t\t\t<div class=\"elementor-column elementor-col-25 elementor-top-column elementor-element elementor-element-ea2cd07\" data-id=\"ea2cd07\" data-element_type=\"column\" data-e-type=\"column\" data-settings=\"{&quot;background_background&quot;:&quot;classic&quot;}\">\n\t\t\t<div class=\"elementor-widget-wrap elementor-element-populated\">\n\t\t\t\t\t<div class=\"elementor-background-overlay\"><\/div>\n\t\t\t\t\t\t<div class=\"elementor-element elementor-element-a25d80c elementor-widget elementor-widget-heading\" data-id=\"a25d80c\" data-element_type=\"widget\" data-e-type=\"widget\" data-swiper-parallax-x=\"-100%\" data-swiper-parallax-duration=\"500\" data-widget_type=\"heading.default\">\n\t\t\t\t<div class=\"elementor-widget-container\">\n\t\t\t\t\t<h2 class=\"elementor-heading-title elementor-size-default\">Fewo-Ausstattung<\/h2>\t\t\t\t<\/div>\n\t\t\t\t<\/div>\n\t\t\t\t<div class=\"elementor-element elementor-element-0194981 elementor-widget elementor-widget-text-editor\" data-id=\"0194981\" data-element_type=\"widget\" data-e-type=\"widget\" data-swiper-parallax-x=\"-100%\" data-swiper-parallax-duration=\"800\" data-widget_type=\"text-editor.default\">\n\t\t\t\t<div class=\"elementor-widget-container\">\n\t\t\t\t\t\t\t\t\t<ul>\n<li>Bel\u00fcftung<\/li>\n<li>Klima<\/li>\n<li>Smart-TV<\/li>\n<li>Schnelles und zuverl\u00e4ssiges WLAN<\/li>\n<li>ger\u00e4umige Wohnk\u00fcche<\/li>\n<li>Balkon<\/li>\n<\/ul>\n\t\t\t\t\t\t\t\t<\/div>\n\t\t\t\t<\/div>\n\t\t\t\t\t<\/div>\n\t\t<\/div>\n\t\t\t\t<div class=\"elementor-column elementor-col-25 elementor-top-column elementor-element elementor-element-0268a90\" data-id=\"0268a90\" data-element_type=\"column\" data-e-type=\"column\" data-settings=\"{&quot;background_background&quot;:&quot;classic&quot;}\">\n\t\t\t<div class=\"elementor-widget-wrap elementor-element-populated\">\n\t\t\t\t\t<div class=\"elementor-background-overlay\"><\/div>\n\t\t\t\t\t\t<div class=\"elementor-element elementor-element-f99b724 elementor-widget elementor-widget-heading\" data-id=\"f99b724\" data-element_type=\"widget\" data-e-type=\"widget\" data-swiper-parallax-x=\"-100%\" data-swiper-parallax-duration=\"500\" data-widget_type=\"heading.default\">\n\t\t\t\t<div class=\"elementor-widget-container\">\n\t\t\t\t\t<h2 class=\"elementor-heading-title elementor-size-default\">Schlafzimmer in der Ferienwohnung f\u00fcr 8 bis 10 Personen<\/h2>\t\t\t\t<\/div>\n\t\t\t\t<\/div>\n\t\t\t\t<div class=\"elementor-element elementor-element-764285a elementor-widget elementor-widget-heading\" data-id=\"764285a\" data-element_type=\"widget\" data-e-type=\"widget\" data-swiper-parallax-x=\"-100%\" data-swiper-parallax-duration=\"800\" data-widget_type=\"heading.default\">\n\t\t\t\t<div class=\"elementor-widget-container\">\n\t\t\t\t\t<div class=\"elementor-heading-title elementor-size-default\">Im Obergeschoss der Ferienwohnung<\/div>\t\t\t\t<\/div>\n\t\t\t\t<\/div>\n\t\t\t\t\t<\/div>\n\t\t<\/div>\n\t\t\t\t<div class=\"elementor-column elementor-col-25 elementor-top-column elementor-element elementor-element-5e21817\" data-id=\"5e21817\" data-element_type=\"column\" data-e-type=\"column\" data-settings=\"{&quot;background_background&quot;:&quot;classic&quot;}\">\n\t\t\t<div class=\"elementor-widget-wrap elementor-element-populated\">\n\t\t\t\t\t<div class=\"elementor-background-overlay\"><\/div>\n\t\t\t\t\t\t<div class=\"elementor-element elementor-element-11e2c19 elementor-widget elementor-widget-heading\" data-id=\"11e2c19\" data-element_type=\"widget\" data-e-type=\"widget\" data-swiper-parallax-x=\"-100%\" data-swiper-parallax-duration=\"500\" data-widget_type=\"heading.default\">\n\t\t\t\t<div class=\"elementor-widget-container\">\n\t\t\t\t\t<h2 class=\"elementor-heading-title elementor-size-default\">Kleine K\u00fcche im Appartement<\/h2>\t\t\t\t<\/div>\n\t\t\t\t<\/div>\n\t\t\t\t<div class=\"elementor-element elementor-element-4a7583c elementor-widget elementor-widget-heading\" data-id=\"4a7583c\" data-element_type=\"widget\" data-e-type=\"widget\" data-swiper-parallax-x=\"-100%\" data-swiper-parallax-duration=\"800\" data-widget_type=\"heading.default\">\n\t\t\t\t<div class=\"elementor-widget-container\">\n\t\t\t\t\t<div class=\"elementor-heading-title elementor-size-default\">Gro\u00dfe ausgestattete K\u00fcche mit Backofen.<\/div>\t\t\t\t<\/div>\n\t\t\t\t<\/div>\n\t\t\t\t\t<\/div>\n\t\t<\/div>\n\t\t\t\t<div class=\"elementor-column elementor-col-25 elementor-top-column elementor-element elementor-element-8273915\" data-id=\"8273915\" data-element_type=\"column\" data-e-type=\"column\" data-settings=\"{&quot;background_background&quot;:&quot;classic&quot;}\">\n\t\t\t<div class=\"elementor-widget-wrap elementor-element-populated\">\n\t\t\t\t\t<div class=\"elementor-background-overlay\"><\/div>\n\t\t\t\t\t\t<div class=\"elementor-element elementor-element-39b584d elementor-widget elementor-widget-heading\" data-id=\"39b584d\" data-element_type=\"widget\" data-e-type=\"widget\" data-swiper-parallax-x=\"-100%\" data-swiper-parallax-duration=\"500\" data-widget_type=\"heading.default\">\n\t\t\t\t<div class=\"elementor-widget-container\">\n\t\t\t\t\t<h2 class=\"elementor-heading-title elementor-size-default\">Ger\u00e4umiges Bad<\/h2>\t\t\t\t<\/div>\n\t\t\t\t<\/div>\n\t\t\t\t<div class=\"elementor-element elementor-element-04a2280 elementor-widget elementor-widget-heading\" data-id=\"04a2280\" data-element_type=\"widget\" data-e-type=\"widget\" data-swiper-parallax-x=\"-100%\" data-swiper-parallax-duration=\"800\" data-widget_type=\"heading.default\">\n\t\t\t\t<div class=\"elementor-widget-container\">\n\t\t\t\t\t<div class=\"elementor-heading-title elementor-size-default\">In der Ferienwohnung erwarten Sie eine ausreichende Menge an gro\u00dfen und kleinen Handt\u00fcchern sowie K\u00fcchent\u00fcchern.<\/div>\t\t\t\t<\/div>\n\t\t\t\t<\/div>\n\t\t\t\t\t<\/div>\n\t\t<\/div>\n\t\t\t\t\t<\/div>\n\t\t<\/section>\n\t\t\t\t<section class=\"elementor-section elementor-top-section elementor-element elementor-element-32edaec elementor-section-boxed elementor-section-height-default elementor-section-height-default\" data-id=\"32edaec\" data-element_type=\"section\" data-e-type=\"section\" data-settings=\"{&quot;background_background&quot;:&quot;classic&quot;}\">\n\t\t\t\t\t\t<div class=\"elementor-container elementor-column-gap-default\">\n\t\t\t\t\t<div class=\"elementor-column elementor-col-100 elementor-top-column elementor-element elementor-element-855bbaf\" data-id=\"855bbaf\" data-element_type=\"column\" data-e-type=\"column\">\n\t\t\t<div class=\"elementor-widget-wrap elementor-element-populated\">\n\t\t\t\t\t\t<div class=\"elementor-element elementor-element-ea82e6e elementor-widget elementor-widget-html\" data-id=\"ea82e6e\" data-element_type=\"widget\" data-e-type=\"widget\" data-widget_type=\"html.default\">\n\t\t\t\t<div class=\"elementor-widget-container\">\n\t\t\t\t\t<script>\n\/* we have to be sure that both jQuery Library and Swiper are loaded BEFORE we run our code *\/\n( function() {\n  var the_timer = setInterval( function() {\n      if( typeof Swiper && typeof jQuery ) {\n          runTheCode();\n          clearInterval( the_timer );\n      }\n  }, 100 );\n} )();\nfunction runTheCode() {\n    \/\/ add 'swiper-container' class to .elementor-container\n    jQuery( '.custom-swiper > .elementor-container' ).addClass( 'swiper-container' );\n    \/\/ add 'swiper-wrapper' class to .elementor-row\n    jQuery( '.custom-swiper .swiper-container > .elementor-row' ).addClass( 'swiper-wrapper' );\n    \/\/ add 'swiper-slide' class to each column\n    jQuery( '.custom-swiper .swiper-wrapper > div' ).addClass( 'swiper-slide' );\n    \/\/ previous & next \n    jQuery( '.custom-swiper .swiper-container' ).append( '<div class=\"swiper-button-next\"><\/div>' ).append( '<div class=\"swiper-button-prev\"><\/div>' );\n    \/\/ pagination\n    jQuery( '.custom-swiper .swiper-container' ).append( '<div class=\"swiper-pagination\"><\/div>' );\n    \n    var swiper = new Swiper('.custom-swiper > .elementor-container', {\n      loop: true, \n      parallax: true,\n      speed: 500, \n      \n      autoplay: {\n          delay: 3500,\n          disableOnInteraction: true,\n      },\n      navigation: {\n        nextEl: '.swiper-button-next',\n        prevEl: '.swiper-button-prev',\n      },\n      \/*\n      pagination: {\n        el: '.custom-swiper .swiper-pagination', \n        type: 'bullets', \n        clickable: true, \n      },\n      *\/\n    });\n};\n<\/script>\t\t\t\t<\/div>\n\t\t\t\t<\/div>\n\t\t\t\t\t<\/div>\n\t\t<\/div>\n\t\t\t\t\t<\/div>\n\t\t<\/section>\n\t\t\t\t<\/div>\n\t\t","protected":false},"excerpt":{"rendered":"<p>Ferienwohnung f\u00fcr 8 bis 10 Personen Die zweist\u00f6ckige Ferienwohnung in Bohinj ist ein idealer Ort f\u00fcr den Familienurlaub mit mehreren Generationen oder Gruppenreisen mit Freunden. Es hat eine Gr\u00f6\u00dfe von 85 m2.\u00a0 \u00a0 Im oberen Stockwerk sind zwei Schlafzimmer, eines mit zwei und das andere mit vier Betten. Im unteren bereich ist ein Schlafzimmer mit [&hellip;]<\/p>\n","protected":false},"author":7,"featured_media":0,"parent":32054,"menu_order":0,"comment_status":"closed","ping_status":"closed","template":"","meta":{"footnotes":""},"class_list":["post-32048","page","type-page","status-publish","hentry"],"_links":{"self":[{"href":"https:\/\/mavrica.com\/de\/wp-json\/wp\/v2\/pages\/32048","targetHints":{"allow":["GET"]}}],"collection":[{"href":"https:\/\/mavrica.com\/de\/wp-json\/wp\/v2\/pages"}],"about":[{"href":"https:\/\/mavrica.com\/de\/wp-json\/wp\/v2\/types\/page"}],"author":[{"embeddable":true,"href":"https:\/\/mavrica.com\/de\/wp-json\/wp\/v2\/users\/7"}],"replies":[{"embeddable":true,"href":"https:\/\/mavrica.com\/de\/wp-json\/wp\/v2\/comments?post=32048"}],"version-history":[{"count":4,"href":"https:\/\/mavrica.com\/de\/wp-json\/wp\/v2\/pages\/32048\/revisions"}],"predecessor-version":[{"id":32137,"href":"https:\/\/mavrica.com\/de\/wp-json\/wp\/v2\/pages\/32048\/revisions\/32137"}],"up":[{"embeddable":true,"href":"https:\/\/mavrica.com\/de\/wp-json\/wp\/v2\/pages\/32054"}],"wp:attachment":[{"href":"https:\/\/mavrica.com\/de\/wp-json\/wp\/v2\/media?parent=32048"}],"curies":[{"name":"wp","href":"https:\/\/api.w.org\/{rel}","templated":true}]}}