{"id":32050,"date":"2023-01-16T22:32:17","date_gmt":"2023-01-16T22:32:17","guid":{"rendered":"https:\/\/mavrica.com\/ferienwohnung-fuer-6-personen\/"},"modified":"2023-06-03T18:20:40","modified_gmt":"2023-06-03T18:20:40","slug":"ferienwohnung-fuer-6-personen","status":"publish","type":"page","link":"https:\/\/mavrica.com\/de\/ferienwohnungen\/ferienwohnung-fuer-6-personen\/","title":{"rendered":"Ferienwohnung f\u00fcr 6 Personen"},"content":{"rendered":"\t\t<div data-elementor-type=\"wp-page\" data-elementor-id=\"32050\" class=\"elementor elementor-32050 elementor-30713\" data-elementor-post-type=\"page\">\n\t\t\t\t\t\t<section class=\"elementor-section elementor-top-section elementor-element elementor-element-bac83f6 elementor-section-boxed elementor-section-height-default elementor-section-height-default\" data-id=\"bac83f6\" data-element_type=\"section\" data-e-type=\"section\">\n\t\t\t\t\t\t<div class=\"elementor-container elementor-column-gap-default\">\n\t\t\t\t\t<div class=\"elementor-column elementor-col-100 elementor-top-column elementor-element elementor-element-3b7b7f1\" data-id=\"3b7b7f1\" data-element_type=\"column\" data-e-type=\"column\">\n\t\t\t<div class=\"elementor-widget-wrap elementor-element-populated\">\n\t\t\t\t\t\t<section class=\"elementor-section elementor-inner-section elementor-element elementor-element-3829b37 elementor-section-boxed elementor-section-height-default elementor-section-height-default\" data-id=\"3829b37\" data-element_type=\"section\" data-e-type=\"section\" data-settings=\"{&quot;background_background&quot;:&quot;classic&quot;}\">\n\t\t\t\t\t\t\t<div class=\"elementor-background-overlay\"><\/div>\n\t\t\t\t\t\t\t<div class=\"elementor-container elementor-column-gap-default\">\n\t\t\t\t\t<div class=\"elementor-column elementor-col-50 elementor-inner-column elementor-element elementor-element-927a195\" data-id=\"927a195\" data-element_type=\"column\" data-e-type=\"column\">\n\t\t\t<div class=\"elementor-widget-wrap elementor-element-populated\">\n\t\t\t\t\t\t<div class=\"elementor-element elementor-element-989e256 elementor-widget elementor-widget-heading\" data-id=\"989e256\" data-element_type=\"widget\" data-e-type=\"widget\" data-widget_type=\"heading.default\">\n\t\t\t\t<div class=\"elementor-widget-container\">\n\t\t\t\t\t<h2 class=\"elementor-heading-title elementor-size-default\">Ferienwohnung f\u00fcr 6 Personen<\/h2>\t\t\t\t<\/div>\n\t\t\t\t<\/div>\n\t\t\t\t<div class=\"elementor-element elementor-element-d86c235 elementor-widget elementor-widget-text-editor\" data-id=\"d86c235\" data-element_type=\"widget\" data-e-type=\"widget\" data-widget_type=\"text-editor.default\">\n\t\t\t\t<div class=\"elementor-widget-container\">\n\t\t\t\t\t\t\t\t\t<p>F\u00fcr eine sechsk\u00f6pfige Familie oder eine Gruppe von Freunden, bieten wir Ihnen eine Ferienwohnung mit sechs Betten an. Es hat zwei getrennte Schlafzimmer, die mit Smart-TV ausgestattet sind. Sie verf\u00fcgen \u00fcber einen Ausgang auf einen gro\u00dfen Balkon mit wundervollem Blick auf die umliegenden Berge, wo Sie frische Luft tanken und den Blick auf die ruhevolle Natur genie\u00dfen k\u00f6nnen. In jedem Schlafzimmer befindet sich ein hochwertiges Doppelbett und ein Einzelbett.<\/p>\n<p>.<\/p>\n<div>Das Bad mit Dusche und einer Grundausstattung an Kosmetika ist aus der K\u00fcche zug\u00e4ngig. .<\/div>\n\t\t\t\t\t\t\t\t<\/div>\n\t\t\t\t<\/div>\n\t\t\t\t\t<\/div>\n\t\t<\/div>\n\t\t\t\t<div class=\"elementor-column elementor-col-50 elementor-inner-column elementor-element elementor-element-7e5e878\" data-id=\"7e5e878\" data-element_type=\"column\" data-e-type=\"column\">\n\t\t\t<div class=\"elementor-widget-wrap elementor-element-populated\">\n\t\t\t\t\t\t<div class=\"elementor-element elementor-element-29cd5fb elementor-widget elementor-widget-html\" data-id=\"29cd5fb\" data-element_type=\"widget\" data-e-type=\"widget\" data-widget_type=\"html.default\">\n\t\t\t\t<div class=\"elementor-widget-container\">\n\t\t\t\t\t<script src=\"\/\/www.bentral.com\/service\/embed\/booking.js?id=5f6a45354d675f4d&unit=5f5451344e415f4e&width=full&poweredby=0&lang=de&key=7ed9447733c2cdaa0a00dcc8209d4bcd\"><\/script>\t\t\t\t<\/div>\n\t\t\t\t<\/div>\n\t\t\t\t\t<\/div>\n\t\t<\/div>\n\t\t\t\t\t<\/div>\n\t\t<\/section>\n\t\t\t\t\t<\/div>\n\t\t<\/div>\n\t\t\t\t\t<\/div>\n\t\t<\/section>\n\t\t\t\t<section class=\"elementor-section elementor-top-section elementor-element elementor-element-3b39000 custom-swiper elementor-section-boxed elementor-section-height-default elementor-section-height-default\" data-id=\"3b39000\" data-element_type=\"section\" data-e-type=\"section\" data-settings=\"{&quot;background_background&quot;:&quot;classic&quot;}\">\n\t\t\t\t\t\t<div class=\"elementor-container elementor-column-gap-no\">\n\t\t\t\t\t<div class=\"elementor-column elementor-col-33 elementor-top-column elementor-element elementor-element-029b4d2\" data-id=\"029b4d2\" data-element_type=\"column\" data-e-type=\"column\" data-settings=\"{&quot;background_background&quot;:&quot;classic&quot;}\">\n\t\t\t<div class=\"elementor-widget-wrap elementor-element-populated\">\n\t\t\t\t\t<div class=\"elementor-background-overlay\"><\/div>\n\t\t\t\t\t\t<div class=\"elementor-element elementor-element-c38ae03 elementor-widget elementor-widget-heading\" data-id=\"c38ae03\" data-element_type=\"widget\" data-e-type=\"widget\" data-swiper-parallax-x=\"-100%\" data-swiper-parallax-duration=\"500\" data-widget_type=\"heading.default\">\n\t\t\t\t<div class=\"elementor-widget-container\">\n\t\t\t\t\t<h2 class=\"elementor-heading-title elementor-size-default\">Fewo-Ausstattung<\/h2>\t\t\t\t<\/div>\n\t\t\t\t<\/div>\n\t\t\t\t<div class=\"elementor-element elementor-element-2bdefb7 elementor-widget elementor-widget-text-editor\" data-id=\"2bdefb7\" data-element_type=\"widget\" data-e-type=\"widget\" data-swiper-parallax-x=\"-100%\" data-swiper-parallax-duration=\"800\" data-widget_type=\"text-editor.default\">\n\t\t\t\t<div class=\"elementor-widget-container\">\n\t\t\t\t\t\t\t\t\t<ul>\n<li>Bel\u00fcftung<\/li>\n<li>Klima<\/li>\n<li>Smart-TV in jedem Schlafzimmer<\/li>\n<li>schnelles und zuverl\u00e4ssiges WLAN<\/li>\n<li>gro\u00dfer Balkon<\/li>\n<\/ul>\n\t\t\t\t\t\t\t\t<\/div>\n\t\t\t\t<\/div>\n\t\t\t\t\t<\/div>\n\t\t<\/div>\n\t\t\t\t<div class=\"elementor-column elementor-col-33 elementor-top-column elementor-element elementor-element-8838e9f\" data-id=\"8838e9f\" data-element_type=\"column\" data-e-type=\"column\" data-settings=\"{&quot;background_background&quot;:&quot;classic&quot;}\">\n\t\t\t<div class=\"elementor-widget-wrap elementor-element-populated\">\n\t\t\t\t\t<div class=\"elementor-background-overlay\"><\/div>\n\t\t\t\t\t\t<div class=\"elementor-element elementor-element-993c627 elementor-widget elementor-widget-heading\" data-id=\"993c627\" data-element_type=\"widget\" data-e-type=\"widget\" data-swiper-parallax-x=\"-100%\" data-swiper-parallax-duration=\"500\" data-widget_type=\"heading.default\">\n\t\t\t\t<div class=\"elementor-widget-container\">\n\t\t\t\t\t<h2 class=\"elementor-heading-title elementor-size-default\">Schlafzimmer im Appartement f\u00fcr 6 Personen<\/h2>\t\t\t\t<\/div>\n\t\t\t\t<\/div>\n\t\t\t\t<div class=\"elementor-element elementor-element-1edd4b8 elementor-widget elementor-widget-heading\" data-id=\"1edd4b8\" data-element_type=\"widget\" data-e-type=\"widget\" data-swiper-parallax-x=\"-100%\" data-swiper-parallax-duration=\"800\" data-widget_type=\"heading.default\">\n\t\t\t\t<div class=\"elementor-widget-container\">\n\t\t\t\t\t<div class=\"elementor-heading-title elementor-size-default\">Zwei separate Schlafzimmer, mit jeweils einem Doppel- und einem Einzelbett.<\/div>\t\t\t\t<\/div>\n\t\t\t\t<\/div>\n\t\t\t\t\t<\/div>\n\t\t<\/div>\n\t\t\t\t<div class=\"elementor-column elementor-col-33 elementor-top-column elementor-element elementor-element-48c397a\" data-id=\"48c397a\" data-element_type=\"column\" data-e-type=\"column\" data-settings=\"{&quot;background_background&quot;:&quot;classic&quot;}\">\n\t\t\t<div class=\"elementor-widget-wrap elementor-element-populated\">\n\t\t\t\t\t<div class=\"elementor-background-overlay\"><\/div>\n\t\t\t\t\t\t<div class=\"elementor-element elementor-element-e5145cf elementor-widget elementor-widget-heading\" data-id=\"e5145cf\" data-element_type=\"widget\" data-e-type=\"widget\" data-swiper-parallax-x=\"-100%\" data-swiper-parallax-duration=\"500\" data-widget_type=\"heading.default\">\n\t\t\t\t<div class=\"elementor-widget-container\">\n\t\t\t\t\t<h2 class=\"elementor-heading-title elementor-size-default\">Kleine K\u00fcche im Appartement<\/h2>\t\t\t\t<\/div>\n\t\t\t\t<\/div>\n\t\t\t\t<div class=\"elementor-element elementor-element-d4bd194 elementor-widget elementor-widget-heading\" data-id=\"d4bd194\" data-element_type=\"widget\" data-e-type=\"widget\" data-swiper-parallax-x=\"-100%\" data-swiper-parallax-duration=\"800\" data-widget_type=\"heading.default\">\n\t\t\t\t<div class=\"elementor-widget-container\">\n\t\t\t\t\t<div class=\"elementor-heading-title elementor-size-default\">Kleine, ausgestattete K\u00fcche.<\/div>\t\t\t\t<\/div>\n\t\t\t\t<\/div>\n\t\t\t\t\t<\/div>\n\t\t<\/div>\n\t\t\t\t\t<\/div>\n\t\t<\/section>\n\t\t\t\t<section class=\"elementor-section elementor-top-section elementor-element elementor-element-010c8d3 elementor-section-boxed elementor-section-height-default elementor-section-height-default\" data-id=\"010c8d3\" data-element_type=\"section\" data-e-type=\"section\" data-settings=\"{&quot;background_background&quot;:&quot;classic&quot;}\">\n\t\t\t\t\t\t<div class=\"elementor-container elementor-column-gap-default\">\n\t\t\t\t\t<div class=\"elementor-column elementor-col-100 elementor-top-column elementor-element elementor-element-263c4a8\" data-id=\"263c4a8\" data-element_type=\"column\" data-e-type=\"column\">\n\t\t\t<div class=\"elementor-widget-wrap elementor-element-populated\">\n\t\t\t\t\t\t<div class=\"elementor-element elementor-element-c2ea607 elementor-widget elementor-widget-html\" data-id=\"c2ea607\" data-element_type=\"widget\" data-e-type=\"widget\" data-widget_type=\"html.default\">\n\t\t\t\t<div class=\"elementor-widget-container\">\n\t\t\t\t\t<script>\n\/* we have to be sure that both jQuery Library and Swiper are loaded BEFORE we run our code *\/\n( function() {\n  var the_timer = setInterval( function() {\n      if( typeof Swiper && typeof jQuery ) {\n          runTheCode();\n          clearInterval( the_timer );\n      }\n  }, 100 );\n} )();\nfunction runTheCode() {\n    \/\/ add 'swiper-container' class to .elementor-container\n    jQuery( '.custom-swiper > .elementor-container' ).addClass( 'swiper-container' );\n    \/\/ add 'swiper-wrapper' class to .elementor-row\n    jQuery( '.custom-swiper .swiper-container > .elementor-row' ).addClass( 'swiper-wrapper' );\n    \/\/ add 'swiper-slide' class to each column\n    jQuery( '.custom-swiper .swiper-wrapper > div' ).addClass( 'swiper-slide' );\n    \/\/ previous & next \n    jQuery( '.custom-swiper .swiper-container' ).append( '<div class=\"swiper-button-next\"><\/div>' ).append( '<div class=\"swiper-button-prev\"><\/div>' );\n    \/\/ pagination\n    jQuery( '.custom-swiper .swiper-container' ).append( '<div class=\"swiper-pagination\"><\/div>' );\n    \n    var swiper = new Swiper('.custom-swiper > .elementor-container', {\n      loop: true, \n      parallax: true,\n      speed: 500, \n      \n      autoplay: {\n          delay: 3500,\n          disableOnInteraction: true,\n      },\n      navigation: {\n        nextEl: '.swiper-button-next',\n        prevEl: '.swiper-button-prev',\n      },\n      \/*\n      pagination: {\n        el: '.custom-swiper .swiper-pagination', \n        type: 'bullets', \n        clickable: true, \n      },\n      *\/\n    });\n};\n<\/script>\t\t\t\t<\/div>\n\t\t\t\t<\/div>\n\t\t\t\t\t<\/div>\n\t\t<\/div>\n\t\t\t\t\t<\/div>\n\t\t<\/section>\n\t\t\t\t<\/div>\n\t\t","protected":false},"excerpt":{"rendered":"<p>Ferienwohnung f\u00fcr 6 Personen F\u00fcr eine sechsk\u00f6pfige Familie oder eine Gruppe von Freunden, bieten wir Ihnen eine Ferienwohnung mit sechs Betten an. Es hat zwei getrennte Schlafzimmer, die mit Smart-TV ausgestattet sind. Sie verf\u00fcgen \u00fcber einen Ausgang auf einen gro\u00dfen Balkon mit wundervollem Blick auf die umliegenden Berge, wo Sie frische Luft tanken und den [&hellip;]<\/p>\n","protected":false},"author":7,"featured_media":0,"parent":32054,"menu_order":0,"comment_status":"closed","ping_status":"closed","template":"","meta":{"footnotes":""},"class_list":["post-32050","page","type-page","status-publish","hentry"],"_links":{"self":[{"href":"https:\/\/mavrica.com\/de\/wp-json\/wp\/v2\/pages\/32050","targetHints":{"allow":["GET"]}}],"collection":[{"href":"https:\/\/mavrica.com\/de\/wp-json\/wp\/v2\/pages"}],"about":[{"href":"https:\/\/mavrica.com\/de\/wp-json\/wp\/v2\/types\/page"}],"author":[{"embeddable":true,"href":"https:\/\/mavrica.com\/de\/wp-json\/wp\/v2\/users\/7"}],"replies":[{"embeddable":true,"href":"https:\/\/mavrica.com\/de\/wp-json\/wp\/v2\/comments?post=32050"}],"version-history":[{"count":4,"href":"https:\/\/mavrica.com\/de\/wp-json\/wp\/v2\/pages\/32050\/revisions"}],"predecessor-version":[{"id":32134,"href":"https:\/\/mavrica.com\/de\/wp-json\/wp\/v2\/pages\/32050\/revisions\/32134"}],"up":[{"embeddable":true,"href":"https:\/\/mavrica.com\/de\/wp-json\/wp\/v2\/pages\/32054"}],"wp:attachment":[{"href":"https:\/\/mavrica.com\/de\/wp-json\/wp\/v2\/media?parent=32050"}],"curies":[{"name":"wp","href":"https:\/\/api.w.org\/{rel}","templated":true}]}}