{"id":32056,"date":"2023-01-16T21:23:25","date_gmt":"2023-01-16T21:23:25","guid":{"rendered":"https:\/\/mavrica.com\/ferienwohnungen\/ferienwohnung-fuer-4-personen\/"},"modified":"2023-06-03T18:18:07","modified_gmt":"2023-06-03T18:18:07","slug":"ferienwohnung-fuer-4-personen","status":"publish","type":"page","link":"https:\/\/mavrica.com\/de\/ferienwohnungen\/ferienwohnung-fuer-4-personen\/","title":{"rendered":"Ferienwohnung f\u00fcr 4 Personen"},"content":{"rendered":"\t\t<div data-elementor-type=\"wp-page\" data-elementor-id=\"32056\" class=\"elementor elementor-32056 elementor-30677\" data-elementor-post-type=\"page\">\n\t\t\t\t\t\t<section class=\"elementor-section elementor-top-section elementor-element elementor-element-a319e3c elementor-section-boxed elementor-section-height-default elementor-section-height-default\" data-id=\"a319e3c\" data-element_type=\"section\" data-e-type=\"section\">\n\t\t\t\t\t\t<div class=\"elementor-container elementor-column-gap-default\">\n\t\t\t\t\t<div class=\"elementor-column elementor-col-100 elementor-top-column elementor-element elementor-element-8d1333f\" data-id=\"8d1333f\" data-element_type=\"column\" data-e-type=\"column\">\n\t\t\t<div class=\"elementor-widget-wrap elementor-element-populated\">\n\t\t\t\t\t\t<section class=\"elementor-section elementor-inner-section elementor-element elementor-element-e47fd05 elementor-section-boxed elementor-section-height-default elementor-section-height-default\" data-id=\"e47fd05\" data-element_type=\"section\" data-e-type=\"section\" data-settings=\"{&quot;background_background&quot;:&quot;classic&quot;}\">\n\t\t\t\t\t\t\t<div class=\"elementor-background-overlay\"><\/div>\n\t\t\t\t\t\t\t<div class=\"elementor-container elementor-column-gap-default\">\n\t\t\t\t\t<div class=\"elementor-column elementor-col-50 elementor-inner-column elementor-element elementor-element-a19765f\" data-id=\"a19765f\" data-element_type=\"column\" data-e-type=\"column\">\n\t\t\t<div class=\"elementor-widget-wrap elementor-element-populated\">\n\t\t\t\t\t\t<div class=\"elementor-element elementor-element-737f56a elementor-widget elementor-widget-heading\" data-id=\"737f56a\" data-element_type=\"widget\" data-e-type=\"widget\" data-widget_type=\"heading.default\">\n\t\t\t\t<div class=\"elementor-widget-container\">\n\t\t\t\t\t<h2 class=\"elementor-heading-title elementor-size-default\">Ferienwohnung f\u00fcr vier Personen<\/h2>\t\t\t\t<\/div>\n\t\t\t\t<\/div>\n\t\t\t\t<div class=\"elementor-element elementor-element-8fca556 elementor-widget elementor-widget-text-editor\" data-id=\"8fca556\" data-element_type=\"widget\" data-e-type=\"widget\" data-widget_type=\"text-editor.default\">\n\t\t\t\t<div class=\"elementor-widget-container\">\n\t\t\t\t\t\t\t\t\t<p>Die Ferienwohnung in der Gr\u00f6\u00dfe von 38 m<sup>2<\/sup> ist wie geschaffen f\u00fcr den Familienurlaub. Zwei separate Schlafzimmer, die mit Smart-TV ausgestattet sind, haben einen Zugang zum gro\u00dfen Balkon mit einem unglaublichen Blick auf die Natur. Hier findet jeder seine Ecke.<br \/>Die Schlafzimmer sind mit hochwertigen Betten ausgestattet, so k\u00f6nnen Sie sich bei den beruhigenden Kl\u00e4ngen der Natur so richtig ausschlafen.<\/p>\n<p>Die kleinere, aber gut ausgestattete K\u00fcche erm\u00f6glicht es Ihnen auch selbst ein k\u00f6stliches Essen zuzubereiten. Doch keine Sorge &#8211; sollten Sie im Urlaub nicht kochen wollen, gibt es in der N\u00e4he gen\u00fcgend Restaurants mit k\u00f6stlichen Speisen. <\/p>\n<p>Die Ferienwohnung hat ein eigenes Bad mit Dusche und Pflegeprodukten, das vom K\u00fcchenbereich zug\u00e4ngig ist und wo Sie sich im Sommer nach einem Ausflug in den Bergen schnell erfrischen k\u00f6nnen.<\/p>\n\t\t\t\t\t\t\t\t<\/div>\n\t\t\t\t<\/div>\n\t\t\t\t<div class=\"elementor-element elementor-element-073a5c9 elementor-widget-divider--view-line elementor-widget elementor-widget-divider\" data-id=\"073a5c9\" data-element_type=\"widget\" data-e-type=\"widget\" data-widget_type=\"divider.default\">\n\t\t\t\t<div class=\"elementor-widget-container\">\n\t\t\t\t\t\t\t<div class=\"elementor-divider\">\n\t\t\t<span class=\"elementor-divider-separator\">\n\t\t\t\t\t\t<\/span>\n\t\t<\/div>\n\t\t\t\t\t\t<\/div>\n\t\t\t\t<\/div>\n\t\t\t\t\t<\/div>\n\t\t<\/div>\n\t\t\t\t<div class=\"elementor-column elementor-col-50 elementor-inner-column elementor-element elementor-element-e04b7a1\" data-id=\"e04b7a1\" data-element_type=\"column\" data-e-type=\"column\">\n\t\t\t<div class=\"elementor-widget-wrap elementor-element-populated\">\n\t\t\t\t\t\t<div class=\"elementor-element elementor-element-fd3ad3f elementor-widget elementor-widget-html\" data-id=\"fd3ad3f\" data-element_type=\"widget\" data-e-type=\"widget\" data-widget_type=\"html.default\">\n\t\t\t\t<div class=\"elementor-widget-container\">\n\t\t\t\t\t<script src=\"\/\/www.bentral.com\/service\/embed\/booking.js?id=5f6a45354d675f4d&unit=5f6a4d7a4e415f4e&width=full&poweredby=0&lang=de&key=7ed9447733c2cdaa0a00dcc8209d4bcd\"><\/script>\t\t\t\t<\/div>\n\t\t\t\t<\/div>\n\t\t\t\t\t<\/div>\n\t\t<\/div>\n\t\t\t\t\t<\/div>\n\t\t<\/section>\n\t\t\t\t\t<\/div>\n\t\t<\/div>\n\t\t\t\t\t<\/div>\n\t\t<\/section>\n\t\t\t\t<section class=\"elementor-section elementor-top-section elementor-element elementor-element-e720a0b custom-swiper elementor-section-boxed elementor-section-height-default elementor-section-height-default\" data-id=\"e720a0b\" data-element_type=\"section\" data-e-type=\"section\" data-settings=\"{&quot;background_background&quot;:&quot;classic&quot;}\">\n\t\t\t\t\t\t<div class=\"elementor-container elementor-column-gap-no\">\n\t\t\t\t\t<div class=\"elementor-column elementor-col-25 elementor-top-column elementor-element elementor-element-cd2e40d\" data-id=\"cd2e40d\" data-element_type=\"column\" data-e-type=\"column\" data-settings=\"{&quot;background_background&quot;:&quot;classic&quot;}\">\n\t\t\t<div class=\"elementor-widget-wrap elementor-element-populated\">\n\t\t\t\t\t<div class=\"elementor-background-overlay\"><\/div>\n\t\t\t\t\t\t<div class=\"elementor-element elementor-element-1d2c431 elementor-widget elementor-widget-heading\" data-id=\"1d2c431\" data-element_type=\"widget\" data-e-type=\"widget\" data-swiper-parallax-x=\"-100%\" data-swiper-parallax-duration=\"500\" data-widget_type=\"heading.default\">\n\t\t\t\t<div class=\"elementor-widget-container\">\n\t\t\t\t\t<h2 class=\"elementor-heading-title elementor-size-default\">Fewo-Ausstattung<\/h2>\t\t\t\t<\/div>\n\t\t\t\t<\/div>\n\t\t\t\t<div class=\"elementor-element elementor-element-ec21230 elementor-widget elementor-widget-text-editor\" data-id=\"ec21230\" data-element_type=\"widget\" data-e-type=\"widget\" data-swiper-parallax-x=\"-100%\" data-swiper-parallax-duration=\"800\" data-widget_type=\"text-editor.default\">\n\t\t\t\t<div class=\"elementor-widget-container\">\n\t\t\t\t\t\t\t\t\t<ul>\n<li>Bel\u00fcftung<\/li>\n<li>Klimaanlage<\/li>\n<li>Smart TV<\/li>\n<li>Schnelles und zuverl\u00e4ssiges Wifi<\/li>\n<li>Safe<\/li>\n<\/ul>\n\t\t\t\t\t\t\t\t<\/div>\n\t\t\t\t<\/div>\n\t\t\t\t\t<\/div>\n\t\t<\/div>\n\t\t\t\t<div class=\"elementor-column elementor-col-25 elementor-top-column elementor-element elementor-element-4f10fed\" data-id=\"4f10fed\" data-element_type=\"column\" data-e-type=\"column\" data-settings=\"{&quot;background_background&quot;:&quot;classic&quot;}\">\n\t\t\t<div class=\"elementor-widget-wrap elementor-element-populated\">\n\t\t\t\t\t<div class=\"elementor-background-overlay\"><\/div>\n\t\t\t\t\t\t<div class=\"elementor-element elementor-element-268f83c elementor-widget elementor-widget-heading\" data-id=\"268f83c\" data-element_type=\"widget\" data-e-type=\"widget\" data-swiper-parallax-x=\"-100%\" data-swiper-parallax-duration=\"500\" data-widget_type=\"heading.default\">\n\t\t\t\t<div class=\"elementor-widget-container\">\n\t\t\t\t\t<h2 class=\"elementor-heading-title elementor-size-default\">Schlafzimmer mit Doppelbett<\/h2>\t\t\t\t<\/div>\n\t\t\t\t<\/div>\n\t\t\t\t<div class=\"elementor-element elementor-element-45414b5 elementor-widget elementor-widget-heading\" data-id=\"45414b5\" data-element_type=\"widget\" data-e-type=\"widget\" data-swiper-parallax-x=\"-100%\" data-swiper-parallax-duration=\"800\" data-widget_type=\"heading.default\">\n\t\t\t\t<div class=\"elementor-widget-container\">\n\t\t\t\t\t<div class=\"elementor-heading-title elementor-size-default\">Die Ferienwohnung hat zwei separate Schlafzimmer. Jedes ist mit einem Flatscreen-Smart-TV ausgestattet.<\/div>\t\t\t\t<\/div>\n\t\t\t\t<\/div>\n\t\t\t\t\t<\/div>\n\t\t<\/div>\n\t\t\t\t<div class=\"elementor-column elementor-col-25 elementor-top-column elementor-element elementor-element-7406dfb\" data-id=\"7406dfb\" data-element_type=\"column\" data-e-type=\"column\" data-settings=\"{&quot;background_background&quot;:&quot;classic&quot;}\">\n\t\t\t<div class=\"elementor-widget-wrap elementor-element-populated\">\n\t\t\t\t\t<div class=\"elementor-background-overlay\"><\/div>\n\t\t\t\t\t\t<div class=\"elementor-element elementor-element-f5e1a50 elementor-widget elementor-widget-heading\" data-id=\"f5e1a50\" data-element_type=\"widget\" data-e-type=\"widget\" data-swiper-parallax-x=\"-100%\" data-swiper-parallax-duration=\"500\" data-widget_type=\"heading.default\">\n\t\t\t\t<div class=\"elementor-widget-container\">\n\t\t\t\t\t<h2 class=\"elementor-heading-title elementor-size-default\">Kleine K\u00fcche im Appartement<\/h2>\t\t\t\t<\/div>\n\t\t\t\t<\/div>\n\t\t\t\t<div class=\"elementor-element elementor-element-5d596ed elementor-widget elementor-widget-heading\" data-id=\"5d596ed\" data-element_type=\"widget\" data-e-type=\"widget\" data-swiper-parallax-x=\"-100%\" data-swiper-parallax-duration=\"800\" data-widget_type=\"heading.default\">\n\t\t\t\t<div class=\"elementor-widget-container\">\n\t\t\t\t\t<div class=\"elementor-heading-title elementor-size-default\">Die K\u00fcche in der Ferienwohnung ist gut ausgestattet und verf\u00fcgt auch \u00fcber einige Grundnahrungsmitteln<\/div>\t\t\t\t<\/div>\n\t\t\t\t<\/div>\n\t\t\t\t\t<\/div>\n\t\t<\/div>\n\t\t\t\t<div class=\"elementor-column elementor-col-25 elementor-top-column elementor-element elementor-element-f3a392d\" data-id=\"f3a392d\" data-element_type=\"column\" data-e-type=\"column\" data-settings=\"{&quot;background_background&quot;:&quot;classic&quot;}\">\n\t\t\t<div class=\"elementor-widget-wrap elementor-element-populated\">\n\t\t\t\t\t<div class=\"elementor-background-overlay\"><\/div>\n\t\t\t\t\t\t<div class=\"elementor-element elementor-element-a9230c8 elementor-widget elementor-widget-heading\" data-id=\"a9230c8\" data-element_type=\"widget\" data-e-type=\"widget\" data-swiper-parallax-x=\"-100%\" data-swiper-parallax-duration=\"500\" data-widget_type=\"heading.default\">\n\t\t\t\t<div class=\"elementor-widget-container\">\n\t\t\t\t\t<h2 class=\"elementor-heading-title elementor-size-default\">Die Ferienwohnung hat einen gro\u00dfen Balkon<\/h2>\t\t\t\t<\/div>\n\t\t\t\t<\/div>\n\t\t\t\t<div class=\"elementor-element elementor-element-69c3712 elementor-widget elementor-widget-heading\" data-id=\"69c3712\" data-element_type=\"widget\" data-e-type=\"widget\" data-swiper-parallax-x=\"-100%\" data-swiper-parallax-duration=\"800\" data-widget_type=\"heading.default\">\n\t\t\t\t<div class=\"elementor-widget-container\">\n\t\t\t\t\t<div class=\"elementor-heading-title elementor-size-default\">Auf dem Balkon k\u00f6nnen Sie die umliegenden H\u00fcgel und Berge beobachten und die erholsame Stille genie\u00dfen.<\/div>\t\t\t\t<\/div>\n\t\t\t\t<\/div>\n\t\t\t\t\t<\/div>\n\t\t<\/div>\n\t\t\t\t\t<\/div>\n\t\t<\/section>\n\t\t\t\t<section class=\"elementor-section elementor-top-section elementor-element elementor-element-8f0819a elementor-section-boxed elementor-section-height-default elementor-section-height-default\" data-id=\"8f0819a\" data-element_type=\"section\" data-e-type=\"section\" data-settings=\"{&quot;background_background&quot;:&quot;classic&quot;}\">\n\t\t\t\t\t\t<div class=\"elementor-container elementor-column-gap-default\">\n\t\t\t\t\t<div class=\"elementor-column elementor-col-100 elementor-top-column elementor-element elementor-element-fb23bc0\" data-id=\"fb23bc0\" data-element_type=\"column\" data-e-type=\"column\">\n\t\t\t<div class=\"elementor-widget-wrap elementor-element-populated\">\n\t\t\t\t\t\t<div class=\"elementor-element elementor-element-9339efa elementor-widget elementor-widget-html\" data-id=\"9339efa\" data-element_type=\"widget\" data-e-type=\"widget\" data-widget_type=\"html.default\">\n\t\t\t\t<div class=\"elementor-widget-container\">\n\t\t\t\t\t<script>\n\/* we have to be sure that both jQuery Library and Swiper are loaded BEFORE we run our code *\/\n( function() {\n  var the_timer = setInterval( function() {\n      if( typeof Swiper && typeof jQuery ) {\n          runTheCode();\n          clearInterval( the_timer );\n      }\n  }, 100 );\n} )();\nfunction runTheCode() {\n    \/\/ add 'swiper-container' class to .elementor-container\n    jQuery( '.custom-swiper > .elementor-container' ).addClass( 'swiper-container' );\n    \/\/ add 'swiper-wrapper' class to .elementor-row\n    jQuery( '.custom-swiper .swiper-container > .elementor-row' ).addClass( 'swiper-wrapper' );\n    \/\/ add 'swiper-slide' class to each column\n    jQuery( '.custom-swiper .swiper-wrapper > div' ).addClass( 'swiper-slide' );\n    \/\/ previous & next \n    jQuery( '.custom-swiper .swiper-container' ).append( '<div class=\"swiper-button-next\"><\/div>' ).append( '<div class=\"swiper-button-prev\"><\/div>' );\n    \/\/ pagination\n    jQuery( '.custom-swiper .swiper-container' ).append( '<div class=\"swiper-pagination\"><\/div>' );\n    \n    var swiper = new Swiper('.custom-swiper > .elementor-container', {\n      loop: true, \n      parallax: true,\n      speed: 500, \n      \n      autoplay: {\n          delay: 3500,\n          disableOnInteraction: false,\n      },\n      navigation: {\n        nextEl: '.swiper-button-next',\n        prevEl: '.swiper-button-prev',\n      },\n      \/*\n      pagination: {\n        el: '.custom-swiper .swiper-pagination', \n        type: 'bullets', \n        clickable: true, \n      },\n      *\/\n    });\n};\n<\/script>\t\t\t\t<\/div>\n\t\t\t\t<\/div>\n\t\t\t\t\t<\/div>\n\t\t<\/div>\n\t\t\t\t\t<\/div>\n\t\t<\/section>\n\t\t\t\t<\/div>\n\t\t","protected":false},"excerpt":{"rendered":"<p>Ferienwohnung f\u00fcr vier Personen Die Ferienwohnung in der Gr\u00f6\u00dfe von 38 m2 ist wie geschaffen f\u00fcr den Familienurlaub. Zwei separate Schlafzimmer, die mit Smart-TV ausgestattet sind, haben einen Zugang zum gro\u00dfen Balkon mit einem unglaublichen Blick auf die Natur. Hier findet jeder seine Ecke.Die Schlafzimmer sind mit hochwertigen Betten ausgestattet, so k\u00f6nnen Sie sich bei [&hellip;]<\/p>\n","protected":false},"author":7,"featured_media":0,"parent":32054,"menu_order":0,"comment_status":"closed","ping_status":"closed","template":"","meta":{"footnotes":""},"class_list":["post-32056","page","type-page","status-publish","hentry"],"_links":{"self":[{"href":"https:\/\/mavrica.com\/de\/wp-json\/wp\/v2\/pages\/32056","targetHints":{"allow":["GET"]}}],"collection":[{"href":"https:\/\/mavrica.com\/de\/wp-json\/wp\/v2\/pages"}],"about":[{"href":"https:\/\/mavrica.com\/de\/wp-json\/wp\/v2\/types\/page"}],"author":[{"embeddable":true,"href":"https:\/\/mavrica.com\/de\/wp-json\/wp\/v2\/users\/7"}],"replies":[{"embeddable":true,"href":"https:\/\/mavrica.com\/de\/wp-json\/wp\/v2\/comments?post=32056"}],"version-history":[{"count":4,"href":"https:\/\/mavrica.com\/de\/wp-json\/wp\/v2\/pages\/32056\/revisions"}],"predecessor-version":[{"id":32128,"href":"https:\/\/mavrica.com\/de\/wp-json\/wp\/v2\/pages\/32056\/revisions\/32128"}],"up":[{"embeddable":true,"href":"https:\/\/mavrica.com\/de\/wp-json\/wp\/v2\/pages\/32054"}],"wp:attachment":[{"href":"https:\/\/mavrica.com\/de\/wp-json\/wp\/v2\/media?parent=32056"}],"curies":[{"name":"wp","href":"https:\/\/api.w.org\/{rel}","templated":true}]}}