{"id":32067,"date":"2021-11-04T10:13:11","date_gmt":"2021-11-04T10:13:11","guid":{"rendered":"https:\/\/mavrica.com\/energetische-sanierung-der-ferienwohnungen-mavrica\/"},"modified":"2023-06-06T12:05:11","modified_gmt":"2023-06-06T12:05:11","slug":"energetische-sanierung-der-ferienwohnungen-mavrica","status":"publish","type":"page","link":"https:\/\/mavrica.com\/de\/energetische-sanierung-der-ferienwohnungen-mavrica\/","title":{"rendered":"ENERGETISCHE SANIERUNG DER FERIENWOHNUNGEN MAVRICA"},"content":{"rendered":"\t\t<div data-elementor-type=\"wp-page\" data-elementor-id=\"32067\" class=\"elementor elementor-32067 elementor-29971\" data-elementor-post-type=\"page\">\n\t\t\t\t\t\t<section class=\"elementor-section elementor-top-section elementor-element elementor-element-6deca67c elementor-section-boxed elementor-section-height-default elementor-section-height-default\" data-id=\"6deca67c\" data-element_type=\"section\" data-e-type=\"section\">\n\t\t\t\t\t\t<div class=\"elementor-container elementor-column-gap-default\">\n\t\t\t\t\t<div class=\"elementor-column elementor-col-100 elementor-top-column elementor-element elementor-element-8297ffb\" data-id=\"8297ffb\" data-element_type=\"column\" data-e-type=\"column\">\n\t\t\t<div class=\"elementor-widget-wrap elementor-element-populated\">\n\t\t\t\t\t\t<section class=\"elementor-section elementor-inner-section elementor-element elementor-element-ee28865 elementor-section-boxed elementor-section-height-default elementor-section-height-default\" data-id=\"ee28865\" data-element_type=\"section\" data-e-type=\"section\" data-settings=\"{&quot;background_background&quot;:&quot;classic&quot;}\">\n\t\t\t\t\t\t\t<div class=\"elementor-background-overlay\"><\/div>\n\t\t\t\t\t\t\t<div class=\"elementor-container elementor-column-gap-default\">\n\t\t\t\t\t<div class=\"elementor-column elementor-col-100 elementor-inner-column elementor-element elementor-element-cfa5a8b\" data-id=\"cfa5a8b\" data-element_type=\"column\" data-e-type=\"column\">\n\t\t\t<div class=\"elementor-widget-wrap elementor-element-populated\">\n\t\t\t\t\t\t<div class=\"elementor-element elementor-element-ffa1e76 elementor-widget elementor-widget-heading\" data-id=\"ffa1e76\" data-element_type=\"widget\" data-e-type=\"widget\" data-widget_type=\"heading.default\">\n\t\t\t\t<div class=\"elementor-widget-container\">\n\t\t\t\t\t<h1 class=\"elementor-heading-title elementor-size-default\">Energetische Sanierung der Ferienwohnungen Mavrica<\/h1>\t\t\t\t<\/div>\n\t\t\t\t<\/div>\n\t\t\t\t<div class=\"elementor-element elementor-element-5dcdb643 elementor-widget elementor-widget-text-editor\" data-id=\"5dcdb643\" data-element_type=\"widget\" data-e-type=\"widget\" data-widget_type=\"text-editor.default\">\n\t\t\t\t<div class=\"elementor-widget-container\">\n\t\t\t\t\t\t\t\t\t<p>Das Unternehmen Apartmaji Mavrica d.o.o. hat bei der \u00f6ffentlichen Ausschreibung \u00bbF\u00f6rderung von kleinsten, kleinen und mittleren Unternehmen im Bereich Tourismus zur Steigerung der materiellen und energetischen Effizienz\u201c F\u00f6rdermittel f\u00fcr das Projekt \u201eEnergetische Sanierung der Ferienwohnungen Mavrica erhalten\u201c.<\/p><p>Gesamtwert des Projekts: 372.744,90 EUR<br \/>Geplante F\u00f6rdermittel: 193.511,35 EUR<\/p><p>Ziel der \u00f6ffentlichen Ausschreibung ist es, die Wettbewerbsf\u00e4higkeit kleinster, kleiner und mittlerer Unternehmen der <br \/>Tourismusbranche zu verbessern, mit der F\u00f6rderung von Ma\u00dfnahmen zur Nutzung erneuerbarer Energie und der Verringerung des Verbrauchs von<br \/>Energie und Rohstoffen.<br \/>Hinsichtlich des Operativen Programms zur Durchf\u00fchrung der europ\u00e4ischen Koh\u00e4sionspolitik 2014-2020 war das Ziel der<br \/>\u00f6ffentlichen Ausschreibung zum spezifischen Ziel der \u00bbSteigerung der Wertsch\u00f6pfung von KMU\u00ab beizutragen<br \/>der vorrangigen Investition zur \u201eF\u00f6rderung des Unternehmergeists, insbesondere durch Erm\u00f6glichung der erleichterten wirtschaftlichen <br \/>Nutzung neuer Ideen und F\u00f6rderung zur Gr\u00fcndung neuer Unternehmen, einschlie\u00dflich unternehmerischer <br \/>Gr\u00fcnderzentren\u201c.<\/p><p>Die Investition wird gef\u00f6rdert von der Republik Slowenien und der Europ\u00e4ischen Union aus dem Europ\u00e4ischen Fond f\u00fcr <br \/>regionale Entwicklung.<\/p><p>Link zur Website der EKP in Slowenien: <a href=\"http:\/\/www.eu-skladi.si\">www.eu-skladi.si<\/a>.<\/p><figure class=\"wp-block-image size-full\"><a href=\"https:\/\/mlchd2ibpjer.i.optimole.com\/w:auto\/h:auto\/q:mauto\/f:best\/https:\/\/mavrica.com\/wp-content\/uploads\/2021\/06\/mgrt-logo.png\"><img fetchpriority=\"high\" decoding=\"async\" width=\"391\" height=\"129\" decoding=async  data-opt-src=\"https:\/\/mlchd2ibpjer.i.optimole.com\/w:auto\/h:auto\/q:mauto\/f:best\/https:\/\/mavrica.com\/wp-content\/uploads\/2021\/06\/mgrt-logo.png\"  class=\"wp-image-29465\" src=\"https:\/\/mlchd2ibpjer.i.optimole.com\/w:auto\/h:auto\/q:eco\/f:best\/https:\/\/mavrica.com\/wp-content\/uploads\/2021\/06\/mgrt-logo.png\" alt=\"Ministrstvo za gospodarstvo Republike Slovenije\" \/><\/a><\/figure><p>Ministerium f\u00fcr Wirtschaft der Republik Slowenien<\/p><figure class=\"wp-block-image size-full is-resized\"><a href=\"https:\/\/mlchd2ibpjer.i.optimole.com\/w:auto\/h:auto\/q:mauto\/f:best\/https:\/\/mavrica.com\/wp-content\/uploads\/2021\/06\/Logo_EKP_sklad_za_regionalni_razvoj_SLO_slogan.jpg\"><img decoding=\"async\" decoding=async  data-opt-src=\"https:\/\/mlchd2ibpjer.i.optimole.com\/w:auto\/h:auto\/q:mauto\/f:best\/https:\/\/mavrica.com\/wp-content\/uploads\/2021\/06\/Logo_EKP_sklad_za_regionalni_razvoj_SLO_slogan.jpg\"  class=\"wp-image-28665\" src=\"https:\/\/mlchd2ibpjer.i.optimole.com\/w:auto\/h:auto\/q:eco\/f:best\/https:\/\/mavrica.com\/wp-content\/uploads\/2021\/06\/Logo_EKP_sklad_za_regionalni_razvoj_SLO_slogan.jpg\" alt=\"\" width=\"350\" height=\"169\" \/><\/a><\/figure>\t\t\t\t\t\t\t\t<\/div>\n\t\t\t\t<\/div>\n\t\t\t\t\t<\/div>\n\t\t<\/div>\n\t\t\t\t\t<\/div>\n\t\t<\/section>\n\t\t\t\t\t<\/div>\n\t\t<\/div>\n\t\t\t\t\t<\/div>\n\t\t<\/section>\n\t\t\t\t<section class=\"elementor-section elementor-top-section elementor-element elementor-element-e219695 elementor-section-boxed elementor-section-height-default elementor-section-height-default\" data-id=\"e219695\" data-element_type=\"section\" data-e-type=\"section\">\n\t\t\t\t\t\t<div class=\"elementor-container elementor-column-gap-default\">\n\t\t\t\t\t<div class=\"elementor-column elementor-col-100 elementor-top-column elementor-element elementor-element-4e2ca90\" data-id=\"4e2ca90\" data-element_type=\"column\" data-e-type=\"column\">\n\t\t\t<div class=\"elementor-widget-wrap\">\n\t\t\t\t\t\t\t<\/div>\n\t\t<\/div>\n\t\t\t\t\t<\/div>\n\t\t<\/section>\n\t\t\t\t<\/div>\n\t\t","protected":false},"excerpt":{"rendered":"<p>Energetische Sanierung der Ferienwohnungen Mavrica Das Unternehmen Apartmaji Mavrica d.o.o. hat bei der \u00f6ffentlichen Ausschreibung \u00bbF\u00f6rderung von kleinsten, kleinen und mittleren Unternehmen im Bereich Tourismus zur Steigerung der materiellen und energetischen Effizienz\u201c F\u00f6rdermittel f\u00fcr das Projekt \u201eEnergetische Sanierung der Ferienwohnungen Mavrica erhalten\u201c. Gesamtwert des Projekts: 372.744,90 EURGeplante F\u00f6rdermittel: 193.511,35 EUR Ziel der \u00f6ffentlichen Ausschreibung ist [&hellip;]<\/p>\n","protected":false},"author":1,"featured_media":0,"parent":0,"menu_order":0,"comment_status":"closed","ping_status":"closed","template":"","meta":{"footnotes":""},"class_list":["post-32067","page","type-page","status-publish","hentry"],"_links":{"self":[{"href":"https:\/\/mavrica.com\/de\/wp-json\/wp\/v2\/pages\/32067","targetHints":{"allow":["GET"]}}],"collection":[{"href":"https:\/\/mavrica.com\/de\/wp-json\/wp\/v2\/pages"}],"about":[{"href":"https:\/\/mavrica.com\/de\/wp-json\/wp\/v2\/types\/page"}],"author":[{"embeddable":true,"href":"https:\/\/mavrica.com\/de\/wp-json\/wp\/v2\/users\/1"}],"replies":[{"embeddable":true,"href":"https:\/\/mavrica.com\/de\/wp-json\/wp\/v2\/comments?post=32067"}],"version-history":[{"count":10,"href":"https:\/\/mavrica.com\/de\/wp-json\/wp\/v2\/pages\/32067\/revisions"}],"predecessor-version":[{"id":32171,"href":"https:\/\/mavrica.com\/de\/wp-json\/wp\/v2\/pages\/32067\/revisions\/32171"}],"wp:attachment":[{"href":"https:\/\/mavrica.com\/de\/wp-json\/wp\/v2\/media?parent=32067"}],"curies":[{"name":"wp","href":"https:\/\/api.w.org\/{rel}","templated":true}]}}