{"id":32075,"date":"2021-05-14T05:41:48","date_gmt":"2021-05-14T05:41:48","guid":{"rendered":"https:\/\/mavrica.com\/aktivitaeten\/"},"modified":"2024-02-27T06:13:41","modified_gmt":"2024-02-27T06:13:41","slug":"aktivitaeten","status":"publish","type":"page","link":"https:\/\/mavrica.com\/de\/aktivitaeten\/","title":{"rendered":"Aktivit\u00e4ten"},"content":{"rendered":"\t\t<div data-elementor-type=\"wp-page\" data-elementor-id=\"32075\" class=\"elementor elementor-32075 elementor-28573\" data-elementor-post-type=\"page\">\n\t\t\t\t\t\t<section class=\"elementor-section elementor-top-section elementor-element elementor-element-fc049ce elementor-section-boxed elementor-section-height-default elementor-section-height-default\" data-id=\"fc049ce\" data-element_type=\"section\" data-e-type=\"section\">\n\t\t\t\t\t\t<div class=\"elementor-container elementor-column-gap-default\">\n\t\t\t\t\t<div class=\"elementor-column elementor-col-100 elementor-top-column elementor-element elementor-element-d63da58\" data-id=\"d63da58\" data-element_type=\"column\" data-e-type=\"column\">\n\t\t\t<div class=\"elementor-widget-wrap elementor-element-populated\">\n\t\t\t\t\t\t<section class=\"elementor-section elementor-inner-section elementor-element elementor-element-54e0fa8 elementor-section-boxed elementor-section-height-default elementor-section-height-default\" data-id=\"54e0fa8\" data-element_type=\"section\" data-e-type=\"section\" data-settings=\"{&quot;background_background&quot;:&quot;classic&quot;}\">\n\t\t\t\t\t\t\t<div class=\"elementor-background-overlay\"><\/div>\n\t\t\t\t\t\t\t<div class=\"elementor-container elementor-column-gap-default\">\n\t\t\t\t\t<div class=\"elementor-column elementor-col-100 elementor-inner-column elementor-element elementor-element-9e84629\" data-id=\"9e84629\" data-element_type=\"column\" data-e-type=\"column\">\n\t\t\t<div class=\"elementor-widget-wrap elementor-element-populated\">\n\t\t\t\t\t\t<div class=\"elementor-element elementor-element-2f05553 elementor-widget elementor-widget-heading\" data-id=\"2f05553\" data-element_type=\"widget\" data-e-type=\"widget\" data-widget_type=\"heading.default\">\n\t\t\t\t<div class=\"elementor-widget-container\">\n\t\t\t\t\t<h1 class=\"elementor-heading-title elementor-size-default\">Bohinj und Aktivit\u00e4ten<\/h1>\t\t\t\t<\/div>\n\t\t\t\t<\/div>\n\t\t\t\t<div class=\"elementor-element elementor-element-e6768f5 elementor-widget elementor-widget-text-editor\" data-id=\"e6768f5\" data-element_type=\"widget\" data-e-type=\"widget\" data-widget_type=\"text-editor.default\">\n\t\t\t\t<div class=\"elementor-widget-container\">\n\t\t\t\t\t\t\t\t\t<p>F\u00fcr alle, die ihren Urlaub gern aktiv verbringen, ist Bohinj genau richtig, denn hier kann man in der unber\u00fchrten Natur des Nationalparks Triglav seinen K\u00f6rper trainieren und den Geist entspannen. Es ist f\u00fcr jeden etwas dabei, von Radtouren mit der Familie bis hin zu leichten und anspruchsvollen Wanderungen in den malerischen Bergen, zahlreichen Wassersportarten, Klettern, Reiten, Paragliding und vielem mehr.<\/p>\n\t\t\t\t\t\t\t\t<\/div>\n\t\t\t\t<\/div>\n\t\t\t\t\t<\/div>\n\t\t<\/div>\n\t\t\t\t\t<\/div>\n\t\t<\/section>\n\t\t\t\t\t<\/div>\n\t\t<\/div>\n\t\t\t\t\t<\/div>\n\t\t<\/section>\n\t\t\t\t<section class=\"elementor-section elementor-top-section elementor-element elementor-element-0ca3537 custom-swiper elementor-section-boxed elementor-section-height-default elementor-section-height-default\" data-id=\"0ca3537\" data-element_type=\"section\" data-e-type=\"section\" data-settings=\"{&quot;background_background&quot;:&quot;classic&quot;}\">\n\t\t\t\t\t\t<div class=\"elementor-container elementor-column-gap-no\">\n\t\t\t\t\t<div class=\"elementor-column elementor-col-14 elementor-top-column elementor-element elementor-element-144cd2c\" data-id=\"144cd2c\" data-element_type=\"column\" data-e-type=\"column\" data-settings=\"{&quot;background_background&quot;:&quot;classic&quot;}\">\n\t\t\t<div class=\"elementor-widget-wrap elementor-element-populated\">\n\t\t\t\t\t<div class=\"elementor-background-overlay\"><\/div>\n\t\t\t\t\t\t<div class=\"elementor-element elementor-element-48fb695 elementor-widget elementor-widget-heading\" data-id=\"48fb695\" data-element_type=\"widget\" data-e-type=\"widget\" data-swiper-parallax-x=\"-100%\" data-swiper-parallax-duration=\"500\" data-widget_type=\"heading.default\">\n\t\t\t\t<div class=\"elementor-widget-container\">\n\t\t\t\t\t<h2 class=\"elementor-heading-title elementor-size-default\">Radsport<\/h2>\t\t\t\t<\/div>\n\t\t\t\t<\/div>\n\t\t\t\t<div class=\"elementor-element elementor-element-bb20022 elementor-widget elementor-widget-heading\" data-id=\"bb20022\" data-element_type=\"widget\" data-e-type=\"widget\" data-swiper-parallax-x=\"-100%\" data-swiper-parallax-duration=\"800\" data-widget_type=\"heading.default\">\n\t\t\t\t<div class=\"elementor-widget-container\">\n\t\t\t\t\t<div class=\"elementor-heading-title elementor-size-default\">Fahren Sie auf den romantischen ausgebauten Radwegen im Tal oder absolvieren Sie Ihr Training am Berg <br>(Jeseni\u010dnik, slovenija.info)<\/div>\t\t\t\t<\/div>\n\t\t\t\t<\/div>\n\t\t\t\t\t<\/div>\n\t\t<\/div>\n\t\t\t\t<div class=\"elementor-column elementor-col-14 elementor-top-column elementor-element elementor-element-4216884\" data-id=\"4216884\" data-element_type=\"column\" data-e-type=\"column\" data-settings=\"{&quot;background_background&quot;:&quot;classic&quot;}\">\n\t\t\t<div class=\"elementor-widget-wrap elementor-element-populated\">\n\t\t\t\t\t<div class=\"elementor-background-overlay\"><\/div>\n\t\t\t\t\t\t<div class=\"elementor-element elementor-element-db4afcb elementor-widget elementor-widget-heading\" data-id=\"db4afcb\" data-element_type=\"widget\" data-e-type=\"widget\" data-swiper-parallax-x=\"-100%\" data-swiper-parallax-duration=\"500\" data-widget_type=\"heading.default\">\n\t\t\t\t<div class=\"elementor-widget-container\">\n\t\t\t\t\t<h2 class=\"elementor-heading-title elementor-size-default\">Reiten<\/h2>\t\t\t\t<\/div>\n\t\t\t\t<\/div>\n\t\t\t\t<div class=\"elementor-element elementor-element-abfb7a2 elementor-widget elementor-widget-heading\" data-id=\"abfb7a2\" data-element_type=\"widget\" data-e-type=\"widget\" data-swiper-parallax-x=\"-100%\" data-swiper-parallax-duration=\"800\" data-widget_type=\"heading.default\">\n\t\t\t\t<div class=\"elementor-widget-container\">\n\t\t\t\t\t<div class=\"elementor-heading-title elementor-size-default\">Auf dem R\u00fccken der Pferde l\u00e4uft die Zeit langsamer, f\u00fcr einen unbek\u00fcmmerten Ausflug sorgen Guides (Jazbec, slovenija.info)<\/div>\t\t\t\t<\/div>\n\t\t\t\t<\/div>\n\t\t\t\t\t<\/div>\n\t\t<\/div>\n\t\t\t\t<div class=\"elementor-column elementor-col-14 elementor-top-column elementor-element elementor-element-6b489b4\" data-id=\"6b489b4\" data-element_type=\"column\" data-e-type=\"column\" data-settings=\"{&quot;background_background&quot;:&quot;classic&quot;}\">\n\t\t\t<div class=\"elementor-widget-wrap elementor-element-populated\">\n\t\t\t\t\t<div class=\"elementor-background-overlay\"><\/div>\n\t\t\t\t\t\t<div class=\"elementor-element elementor-element-a560563 elementor-widget elementor-widget-heading\" data-id=\"a560563\" data-element_type=\"widget\" data-e-type=\"widget\" data-swiper-parallax-x=\"-100%\" data-swiper-parallax-duration=\"500\" data-widget_type=\"heading.default\">\n\t\t\t\t<div class=\"elementor-widget-container\">\n\t\t\t\t\t<h2 class=\"elementor-heading-title elementor-size-default\">Erfrischung im Wasser<\/h2>\t\t\t\t<\/div>\n\t\t\t\t<\/div>\n\t\t\t\t<div class=\"elementor-element elementor-element-3d519be elementor-widget elementor-widget-heading\" data-id=\"3d519be\" data-element_type=\"widget\" data-e-type=\"widget\" data-swiper-parallax-x=\"-100%\" data-swiper-parallax-duration=\"800\" data-widget_type=\"heading.default\">\n\t\t\t\t<div class=\"elementor-widget-container\">\n\t\t\t\t\t<div class=\"elementor-heading-title elementor-size-default\">Begeisternder Familienausflug auf dem Fluss Sava, adrenalingeladenes Canyoning oder Baden im kristallklaren See? <br>(Jensterle, slovenija.info)<\/div>\t\t\t\t<\/div>\n\t\t\t\t<\/div>\n\t\t\t\t\t<\/div>\n\t\t<\/div>\n\t\t\t\t<div class=\"elementor-column elementor-col-14 elementor-top-column elementor-element elementor-element-f3d0133\" data-id=\"f3d0133\" data-element_type=\"column\" data-e-type=\"column\" data-settings=\"{&quot;background_background&quot;:&quot;classic&quot;}\">\n\t\t\t<div class=\"elementor-widget-wrap elementor-element-populated\">\n\t\t\t\t\t<div class=\"elementor-background-overlay\"><\/div>\n\t\t\t\t\t\t<div class=\"elementor-element elementor-element-aeaae18 elementor-widget elementor-widget-heading\" data-id=\"aeaae18\" data-element_type=\"widget\" data-e-type=\"widget\" data-swiper-parallax-x=\"-100%\" data-swiper-parallax-duration=\"500\" data-widget_type=\"heading.default\">\n\t\t\t\t<div class=\"elementor-widget-container\">\n\t\t\t\t\t<h2 class=\"elementor-heading-title elementor-size-default\">Winterm\u00e4rchen<\/h2>\t\t\t\t<\/div>\n\t\t\t\t<\/div>\n\t\t\t\t<div class=\"elementor-element elementor-element-5a0eb00 elementor-widget elementor-widget-heading\" data-id=\"5a0eb00\" data-element_type=\"widget\" data-e-type=\"widget\" data-swiper-parallax-x=\"-100%\" data-swiper-parallax-duration=\"800\" data-widget_type=\"heading.default\">\n\t\t\t\t<div class=\"elementor-widget-container\">\n\t\t\t\t\t<div class=\"elementor-heading-title elementor-size-default\">Beim Skilaufen Blicke \u00fcber den Wolken einfangen oder beim Langlauf auf der 18 km Loipe nach Luft schnappen<br>(Medja, slovenija.info)<\/div>\t\t\t\t<\/div>\n\t\t\t\t<\/div>\n\t\t\t\t\t<\/div>\n\t\t<\/div>\n\t\t\t\t<div class=\"elementor-column elementor-col-14 elementor-top-column elementor-element elementor-element-f382705\" data-id=\"f382705\" data-element_type=\"column\" data-e-type=\"column\" data-settings=\"{&quot;background_background&quot;:&quot;classic&quot;}\">\n\t\t\t<div class=\"elementor-widget-wrap elementor-element-populated\">\n\t\t\t\t\t<div class=\"elementor-background-overlay\"><\/div>\n\t\t\t\t\t\t<div class=\"elementor-element elementor-element-ca18430 elementor-widget elementor-widget-heading\" data-id=\"ca18430\" data-element_type=\"widget\" data-e-type=\"widget\" data-swiper-parallax-x=\"-100%\" data-swiper-parallax-duration=\"500\" data-widget_type=\"heading.default\">\n\t\t\t\t<div class=\"elementor-widget-container\">\n\t\t\t\t\t<h2 class=\"elementor-heading-title elementor-size-default\">Nationalpark Triglav<\/h2>\t\t\t\t<\/div>\n\t\t\t\t<\/div>\n\t\t\t\t<div class=\"elementor-element elementor-element-02d8334 elementor-widget elementor-widget-heading\" data-id=\"02d8334\" data-element_type=\"widget\" data-e-type=\"widget\" data-swiper-parallax-x=\"-100%\" data-swiper-parallax-duration=\"800\" data-widget_type=\"heading.default\">\n\t\t\t\t<div class=\"elementor-widget-container\">\n\t\t\t\t\t<div class=\"elementor-heading-title elementor-size-default\">Die Mavrica Ferienwohnungen sind ein ausgezeichneter Ausgangspunkt f\u00fcr k\u00fcrzere Ausfl\u00fcge zu den Aussichtspunkten auf den Bergen oder f\u00fcr anspruchsvollere Herausforderungen in den Bergen <\/div>\t\t\t\t<\/div>\n\t\t\t\t<\/div>\n\t\t\t\t\t<\/div>\n\t\t<\/div>\n\t\t\t\t<div class=\"elementor-column elementor-col-14 elementor-top-column elementor-element elementor-element-9c6ded5\" data-id=\"9c6ded5\" data-element_type=\"column\" data-e-type=\"column\" data-settings=\"{&quot;background_background&quot;:&quot;classic&quot;}\">\n\t\t\t<div class=\"elementor-widget-wrap elementor-element-populated\">\n\t\t\t\t\t<div class=\"elementor-background-overlay\"><\/div>\n\t\t\t\t\t\t<div class=\"elementor-element elementor-element-ea3b05a elementor-widget elementor-widget-heading\" data-id=\"ea3b05a\" data-element_type=\"widget\" data-e-type=\"widget\" data-swiper-parallax-x=\"-100%\" data-swiper-parallax-duration=\"500\" data-widget_type=\"heading.default\">\n\t\t\t\t<div class=\"elementor-widget-container\">\n\t\t\t\t\t<h2 class=\"elementor-heading-title elementor-size-default\">Von oben ist alles sch\u00f6ner<\/h2>\t\t\t\t<\/div>\n\t\t\t\t<\/div>\n\t\t\t\t<div class=\"elementor-element elementor-element-05598a9 elementor-widget elementor-widget-heading\" data-id=\"05598a9\" data-element_type=\"widget\" data-e-type=\"widget\" data-swiper-parallax-x=\"-100%\" data-swiper-parallax-duration=\"800\" data-widget_type=\"heading.default\">\n\t\t\t\t<div class=\"elementor-widget-container\">\n\t\t\t\t\t<div class=\"elementor-heading-title elementor-size-default\">Wir organisieren f\u00fcr Sie Paragliding-Tandemfl\u00fcge (Novak, slovenija.info)<\/div>\t\t\t\t<\/div>\n\t\t\t\t<\/div>\n\t\t\t\t\t<\/div>\n\t\t<\/div>\n\t\t\t\t<div class=\"elementor-column elementor-col-14 elementor-top-column elementor-element elementor-element-7258c59\" data-id=\"7258c59\" data-element_type=\"column\" data-e-type=\"column\" data-settings=\"{&quot;background_background&quot;:&quot;classic&quot;}\">\n\t\t\t<div class=\"elementor-widget-wrap elementor-element-populated\">\n\t\t\t\t\t<div class=\"elementor-background-overlay\"><\/div>\n\t\t\t\t\t\t<div class=\"elementor-element elementor-element-06ef4b9 elementor-widget elementor-widget-heading\" data-id=\"06ef4b9\" data-element_type=\"widget\" data-e-type=\"widget\" data-swiper-parallax-x=\"-100%\" data-swiper-parallax-duration=\"500\" data-widget_type=\"heading.default\">\n\t\t\t\t<div class=\"elementor-widget-container\">\n\t\t\t\t\t<h2 class=\"elementor-heading-title elementor-size-default\">Festival der Alpenblumen<\/h2>\t\t\t\t<\/div>\n\t\t\t\t<\/div>\n\t\t\t\t<div class=\"elementor-element elementor-element-5b3ac25 elementor-widget elementor-widget-heading\" data-id=\"5b3ac25\" data-element_type=\"widget\" data-e-type=\"widget\" data-swiper-parallax-x=\"-100%\" data-swiper-parallax-duration=\"800\" data-widget_type=\"heading.default\">\n\t\t\t\t<div class=\"elementor-widget-container\">\n\t\t\t\t\t<div class=\"elementor-heading-title elementor-size-default\">Jedes Jahr machen wir uns im Sp\u00e4tfr\u00fchling in guter Gesellschaft auf den Weg zu den bl\u00fchenden Wiesen <br>(Sodja, slovenija.info)<\/div>\t\t\t\t<\/div>\n\t\t\t\t<\/div>\n\t\t\t\t\t<\/div>\n\t\t<\/div>\n\t\t\t\t\t<\/div>\n\t\t<\/section>\n\t\t\t\t<section class=\"elementor-section elementor-top-section elementor-element elementor-element-df943bf elementor-section-boxed elementor-section-height-default elementor-section-height-default\" data-id=\"df943bf\" data-element_type=\"section\" data-e-type=\"section\" data-settings=\"{&quot;background_background&quot;:&quot;classic&quot;}\">\n\t\t\t\t\t\t<div class=\"elementor-container elementor-column-gap-default\">\n\t\t\t\t\t<div class=\"elementor-column elementor-col-100 elementor-top-column elementor-element elementor-element-abd7ea6\" data-id=\"abd7ea6\" data-element_type=\"column\" data-e-type=\"column\">\n\t\t\t<div class=\"elementor-widget-wrap elementor-element-populated\">\n\t\t\t\t\t\t<div class=\"elementor-element elementor-element-b7e8cd6 elementor-widget elementor-widget-html\" data-id=\"b7e8cd6\" data-element_type=\"widget\" data-e-type=\"widget\" data-widget_type=\"html.default\">\n\t\t\t\t<div class=\"elementor-widget-container\">\n\t\t\t\t\t<script>\n\/* we have to be sure that both jQuery Library and Swiper are loaded BEFORE we run our code *\/\n( function() {\n  var the_timer = setInterval( function() {\n      if( typeof Swiper && typeof jQuery ) {\n          runTheCode();\n          clearInterval( the_timer );\n      }\n  }, 100 );\n} )();\nfunction runTheCode() {\n    \/\/ add 'swiper-container' class to .elementor-container\n    jQuery( '.custom-swiper > .elementor-container' ).addClass( 'swiper-container' );\n    \/\/ add 'swiper-wrapper' class to .elementor-row\n    jQuery( '.custom-swiper .swiper-container > .elementor-row' ).addClass( 'swiper-wrapper' );\n    \/\/ add 'swiper-slide' class to each column\n    jQuery( '.custom-swiper .swiper-wrapper > div' ).addClass( 'swiper-slide' );\n    \/\/ previous & next \n    jQuery( '.custom-swiper .swiper-container' ).append( '<div class=\"swiper-button-next\"><\/div>' ).append( '<div class=\"swiper-button-prev\"><\/div>' );\n    \/\/ pagination\n    jQuery( '.custom-swiper .swiper-container' ).append( '<div class=\"swiper-pagination\"><\/div>' );\n    \n    var swiper = new Swiper('.custom-swiper > .elementor-container', {\n      loop: true, \n      parallax: true,\n      speed: 500, \n      \n      autoplay: {\n          delay: 3500,\n          disableOnInteraction: false,\n      },\n      navigation: {\n        nextEl: '.swiper-button-next',\n        prevEl: '.swiper-button-prev',\n      },\n      \/*\n      pagination: {\n        el: '.custom-swiper .swiper-pagination', \n        type: 'bullets', \n        clickable: true, \n      },\n      *\/\n    });\n};\n<\/script>\t\t\t\t<\/div>\n\t\t\t\t<\/div>\n\t\t\t\t\t<\/div>\n\t\t<\/div>\n\t\t\t\t\t<\/div>\n\t\t<\/section>\n\t\t\t\t<\/div>\n\t\t","protected":false},"excerpt":{"rendered":"<p>Bohinj und Aktivit\u00e4ten F\u00fcr alle, die ihren Urlaub gern aktiv verbringen, ist Bohinj genau richtig, denn hier kann man in der unber\u00fchrten Natur des Nationalparks Triglav seinen K\u00f6rper trainieren und den Geist entspannen. Es ist f\u00fcr jeden etwas dabei, von Radtouren mit der Familie bis hin zu leichten und anspruchsvollen Wanderungen in den malerischen Bergen, [&hellip;]<\/p>\n","protected":false},"author":7,"featured_media":0,"parent":0,"menu_order":0,"comment_status":"closed","ping_status":"closed","template":"","meta":{"footnotes":""},"class_list":["post-32075","page","type-page","status-publish","hentry"],"_links":{"self":[{"href":"https:\/\/mavrica.com\/de\/wp-json\/wp\/v2\/pages\/32075","targetHints":{"allow":["GET"]}}],"collection":[{"href":"https:\/\/mavrica.com\/de\/wp-json\/wp\/v2\/pages"}],"about":[{"href":"https:\/\/mavrica.com\/de\/wp-json\/wp\/v2\/types\/page"}],"author":[{"embeddable":true,"href":"https:\/\/mavrica.com\/de\/wp-json\/wp\/v2\/users\/7"}],"replies":[{"embeddable":true,"href":"https:\/\/mavrica.com\/de\/wp-json\/wp\/v2\/comments?post=32075"}],"version-history":[{"count":2,"href":"https:\/\/mavrica.com\/de\/wp-json\/wp\/v2\/pages\/32075\/revisions"}],"predecessor-version":[{"id":32179,"href":"https:\/\/mavrica.com\/de\/wp-json\/wp\/v2\/pages\/32075\/revisions\/32179"}],"wp:attachment":[{"href":"https:\/\/mavrica.com\/de\/wp-json\/wp\/v2\/media?parent=32075"}],"curies":[{"name":"wp","href":"https:\/\/api.w.org\/{rel}","templated":true}]}}