{"id":32082,"date":"2015-04-23T12:57:21","date_gmt":"2015-04-23T12:57:21","guid":{"rendered":"https:\/\/mavrica.com\/bedingungen-und-konditionen\/"},"modified":"2023-06-05T20:31:42","modified_gmt":"2023-06-05T20:31:42","slug":"bedingungen-und-konditionen","status":"publish","type":"page","link":"https:\/\/mavrica.com\/de\/bedingungen-und-konditionen\/","title":{"rendered":"Bedingungen und Konditionen"},"content":{"rendered":"\t\t<div data-elementor-type=\"wp-page\" data-elementor-id=\"32082\" class=\"elementor elementor-32082 elementor-356\" data-elementor-post-type=\"page\">\n\t\t\t\t\t\t<section class=\"elementor-section elementor-top-section elementor-element elementor-element-129da6e elementor-section-boxed elementor-section-height-default elementor-section-height-default\" data-id=\"129da6e\" data-element_type=\"section\" data-e-type=\"section\">\n\t\t\t\t\t\t<div class=\"elementor-container elementor-column-gap-default\">\n\t\t\t\t\t<div class=\"elementor-column elementor-col-100 elementor-top-column elementor-element elementor-element-b313b52\" data-id=\"b313b52\" data-element_type=\"column\" data-e-type=\"column\" data-settings=\"{&quot;background_background&quot;:&quot;gradient&quot;}\">\n\t\t\t<div class=\"elementor-widget-wrap elementor-element-populated\">\n\t\t\t\t\t\t<section class=\"elementor-section elementor-inner-section elementor-element elementor-element-94d23e5 elementor-section-boxed elementor-section-height-default elementor-section-height-default\" data-id=\"94d23e5\" data-element_type=\"section\" data-e-type=\"section\" data-settings=\"{&quot;background_background&quot;:&quot;classic&quot;}\">\n\t\t\t\t\t\t\t<div class=\"elementor-background-overlay\"><\/div>\n\t\t\t\t\t\t\t<div class=\"elementor-container elementor-column-gap-default\">\n\t\t\t\t\t<div class=\"elementor-column elementor-col-100 elementor-inner-column elementor-element elementor-element-f5b7ada\" data-id=\"f5b7ada\" data-element_type=\"column\" data-e-type=\"column\">\n\t\t\t<div class=\"elementor-widget-wrap elementor-element-populated\">\n\t\t\t\t\t\t<div class=\"elementor-element elementor-element-3e21130 elementor-widget elementor-widget-heading\" data-id=\"3e21130\" data-element_type=\"widget\" data-e-type=\"widget\" data-widget_type=\"heading.default\">\n\t\t\t\t<div class=\"elementor-widget-container\">\n\t\t\t\t\t<h1 class=\"elementor-heading-title elementor-size-default\">SCHUTZ PERSONENBEZOGENER DATEN<\/h1>\t\t\t\t<\/div>\n\t\t\t\t<\/div>\n\t\t\t\t<div class=\"elementor-element elementor-element-fdd21ba elementor-widget elementor-widget-text-editor\" data-id=\"fdd21ba\" data-element_type=\"widget\" data-e-type=\"widget\" data-widget_type=\"text-editor.default\">\n\t\t\t\t<div class=\"elementor-widget-container\">\n\t\t\t\t\t\t\t\t\t<p>Apartmaji Mavrica d.o.o. sch\u00fctzt alle erhobenen Daten seiner Kunden, in \u00dcbereinstimmung mit dem Gesetz zum Schutz personenbezogener Daten oder in \u00dcbereinstimmung mit den Rechten und Pflichten, die in der Allgemeinen Datenschutzverordnung der Europ\u00e4ischen Union festgelegt sind. Mit dem Ausf\u00fcllen eines Formulars auf der Website <a href=\"www.mavrica.com\">www.mavrica.com<\/a> erkl\u00e4rt sich der Kunde mit der Verwendung dieser Daten zum Zweck der Erf\u00fcllung vertraglicher Verpflichtungen und Rechte sowie zum Zweck des Direktmarketings, der Marktforschung, der Kundensegmentierung, der statistischen Verarbeitung und der Information \u00fcber das Angebot des Unternehmens Apartmaji Mavrica d.o.o. einverstanden. Sollte der Kunde dies nicht w\u00fcnschen, so kann er dies jederzeit erkl\u00e4ren.<br \/>Der Schutz Ihrer pers\u00f6nlichen Daten ist uns sehr wichtig, deshalb garantieren wir neben der Qualit\u00e4t der Inhalte auch Ihr Recht, \u00fcber die Verwendung Ihrer Daten zu entscheiden. An dieser Stelle m\u00f6chten wir Sie \u00fcber die Datenschutzpolitik des Unternehmens Apartmaji Mavrica d.o.o. informieren. Diese Datenschutzpolitik regelt die Erhebung, Speicherung und Verarbeitung personenbezogener Daten, die der Verwalter von Kunden, Nutzern der Website <a href=\"www.mavrica.com\">www.mavrica.com<\/a> und Empf\u00e4ngern von Newslettern erhebt.<\/p><p>Inhalt<\/p><ol><li>Verwalter personenbezogener Daten<\/li><li>Kategorien personenbezogener Daten<\/li><li>Verwendungszwecke der personenbezogenen Daten<\/li><li>Speicherdauer<\/li><li>Schutz personenbezogener Daten<\/li><li>Rechte der Nutzer<\/li><li>Verwendung von Cookies<\/li><li>Anleitung zur Verwendung von Cookies in einzelnen Browsern<\/li><li>Rechtsmitteilung<\/li><li>Verwalter der erhobenen personenbezogenen Daten<\/li><\/ol><p>Apartmaji Mavrica d.o.o., Stara Fu\u017eina 251, 4265 Bohinjsko jezero.<br \/>Der diesbez\u00fcgliche Datenschutzbeauftragte ist f\u00fcr Sie erreichbar unter info@mavrica.com.<\/p><p>Als Empf\u00e4nger oder Nutzer erlaube ich dem Verwalter die Erhebung, Bearbeitung und Speicherung der \u00fcbermittelten personenbezogenen Daten, gem\u00e4\u00df der geltenden Gesetzgebung \u00fcber den Schutz personenbezogener Daten.<\/p><ol start=\"2\"><li>Kategorien personenbezogener Daten<\/li><\/ol><p>Kundendaten, die der Verwalter zum Zwecke der Vertragserf\u00fcllung erlangt hat und die vom Verwalter in der Datei mit personenbezogenen Daten gespeichert werden, sind:<\/p><ul><li>E-Mail;<\/li><li>Vorname und Nachname sowie Titel und Geschlecht;<\/li><li>Unternehmensbezeichnungen;<\/li><li>Adresse;<\/li><li>Telefon;<\/li><li>Mobiltelefon;<\/li><li>Geburtsdaten;<\/li><li>Daten zum Ausweisdokument;<\/li><li>Vergangene Anfragen, K\u00e4ufe, Rechnungen, Supportanfragen;<\/li><\/ul><p>Daten von Nutzern der Website <a href=\"www.mavrica.com\">www.mavrica.com<\/a> und der E-Newsletter, die sich im Besitz des Verwalters der erhobenen personenbezogenen Daten befinden:<\/p><ul><li>E-Mail-Adresse;<\/li><li>Nachrichten, die der Nutzer ge\u00f6ffnet hat und die von ihm darin angeklickten Links;<\/li><li>Die Seiten, die er im Portal ge\u00f6ffnet hat;<\/li><li>Vergangene Anfragen, K\u00e4ufe, Rechnungen, Supportanfragen;<\/li><li>IP-Adresse des Nutzers und ID von Cookies;<\/li><li>Die Seiten, die er auf dem Portal besucht hat;<\/li><\/ul><ol start=\"3\"><li>Verarbeitungszweck der personenbezogenen Daten<\/li><\/ol><p>Der Verwalter Apartmaji Mavrica d.o.o., Stara Fu\u017eina 251, 4265 Bohinjsko jezero wird die von den Kunden und Nutzern der Website <a href=\"www.mavrica.com\">www.mavrica.com<\/a> erhobenen Daten zu folgenden Zwecken verwenden:<\/p><ul><li>Vertragsdurchf\u00fchrung;<\/li><li>Kommunikation mit dem Auftraggeber bzw. f\u00fcr das (vor)vertragliche Verh\u00e4ltnis;<\/li><li>Durchf\u00fchrung von Preisausschreiben;<\/li><li>Statistische Analysen und Marktanalysen; Nachverfolgung von Klicks und \u00d6ffnungen von E-Mails und Klicks auf der Website, um den Inhalt von E-Mails zu segmentieren und zu personalisieren;<\/li><li>Information und Versenden von Newslettern, Artikeln und Veranstaltungshinweisen per E-Mail;<\/li><li>Direktmarketing und Versendung von Angeboten per SMS\/MMS, E-Mail und Benachrichtigungen, konventioneller Post, auf der Website und mobilen Anwendungen sowie Telefonanrufe;<\/li><li>Segmentierung, Profilerstellung und automatisierte Verarbeitung, um personalisierte Nachrichten und Angebote zu erstellen, die f\u00fcr den Nutzer relevant sind;<\/li><li>Darstellung personalisierter Werbung auf Werbeplattformen (Google in Facebook).<\/li><\/ul><p>Der Verwalter erfasst beim Versenden von E-Mails, ob der Nutzer die erhaltenen Nachrichten \u00f6ffnet und die Klicks auf die Links in den erhaltenen Nachrichten. Au\u00dferdem werden Besuche und Aktionen auf der Website des Verwalters erfasst. Um bessere und gezieltere Angebote machen zu k\u00f6nnen und um Nachrichten oder Mitteilungen zu personalisieren, werden die aufgezeichneten Daten automatisch verarbeitet, analysiert, profiliert und ausgewertet, um die Aktivit\u00e4t zu bewerten und das Interesse der Nutzer zu messen.<\/p><ol start=\"4\"><li>Speicherdauer<\/li><\/ol><p>Die personenbezogenen Daten eines Nutzers werden auf unbestimmte Zeit oder bis zum Widerruf der Einwilligung zur Speicherung und Verarbeitung der Daten dieser Person gespeichert. Bei Widerruf der Einwilligung durch den Nutzer werden die personenbezogenen Daten unverz\u00fcglich wirksam und dauerhaft gel\u00f6scht.<br \/>Sofern in unserem Unternehmen die Verwendungszwecke, zu denen wir die personenbezogenen Daten wie oben beschrieben speichern und verarbeiten, entfallen, werden wir die Dateien, deren Verwendungszweck entfallen ist, unverz\u00fcglich wirksam und dauerhaft l\u00f6schen.<\/p><ol start=\"5\"><li>Schutz personenbezogener Daten<\/li><\/ol><p>Der Verwalter wird die erhobenen Daten gem\u00e4\u00df den geltenden Datenschutzgesetzen und seinen auf der Grundlage dieser Gesetze erlassenen internen Vorschriften sch\u00fctzen. Er wird einen angemessenen organisatorischen und technischen Schutz gew\u00e4hrleisten. Unter keinen Umst\u00e4nden wird der Verwalter die erhobenen Daten an Dritte weitergeben oder offenlegen. Das Unternehmen Apartmaji Mavrica d.o.o. wird entsprechende technische und organisatorische Ma\u00dfnahmen zum Schutz personenbezogener Daten ergreifen.<\/p><ol start=\"6\"><li>Nutzerrechte<\/li><\/ol><p>Gem\u00e4\u00df den Bestimmungen der EU-Datenschutzgrundverordnung (DSGVO) ist der Verwalter der personenbezogenen Daten auf Antrag des Nutzers verpflichtet:<\/p><ul><li>zu best\u00e4tigen, ob die ihn betreffenden Daten verarbeitet werden oder nicht, und ihm die M\u00f6glichkeit zu geben, die ihn betreffenden personenbezogenen Daten einzusehen.<\/li><li>einen Auszug aus den ihn betreffenden personenbezogenen Daten zu erhalten.<\/li><li>die M\u00f6glichkeit zu geben, seine personenbezogenen Daten zu korrigieren oder zu erg\u00e4nzen.<\/li><li>die M\u00f6glichkeit zu geben, die pers\u00f6nlichen Daten ganz oder teilweise l\u00f6schen zu lassen.<\/li><li>die M\u00f6glichkeit zu geben, die personenbezogenen Daten an einen anderen Anbieter entsprechender Dienste zu \u00fcbermitteln.<\/li><li>die M\u00f6glichkeit zu geben, die Zustimmung zur Verarbeitung der personenbezogenen Daten ganz oder teilweise zu widerrufen.<\/li><\/ul><p>Der Verwalter wird Ihrem Wunsch nach Widerruf folgen und den Widerruf der Zustimmung zu Verarbeitungszwecken Ihrer personenbezogenen Daten sp\u00e4testens innerhalb von 15 Tagen konsequent regeln.<\/p><p>Jede Person kann jederzeit, sofern sie der Ansicht ist, dass ihre Rechte in Bezug auf den Schutz personenbezogener Daten verletzt wurden, beim Verwalter unter der Anschrift Apartmaji Mavrica d.o.o., Stara Fu\u017eina 251, 4265 Bohinjsko jezero schriftlich Einspruch erheben oder eine Beschwerde bei der Aufsichtsbeh\u00f6rde (dem Informationsbeauftragten der Republik Slowenien) einreichen.<br \/>Jeder Nutzer hat die M\u00f6glichkeit die Zusendung von Nachrichten abzumelden, indem er einfach mit einem Klick in der Fu\u00dfzeile der erhaltenen E-Mail-Nachricht auf von der Zusendung von Nachrichten abmelden klickt, oder eine E-Mail zur Abmeldung an info@mavrica.com schickt oder mit einer Antwort auf eine erhaltene E-Mail-Nachricht reagiert.<\/p><ol start=\"7\"><li>Verwendung von Cookies<\/li><\/ol><p>Als Nutzer der Website <a href=\"www.mavrica.com\">www.mavrica.com<\/a> erkl\u00e4ren Sie sich damit einverstanden, dass Cookies auf Ihrem Computer gespeichert werden, um die Funktionalit\u00e4t aller Website-Funktionen, Webanalysen und erweiterte Werbung zu gew\u00e4hrleisten.<\/p><p>Folgende Cookies werden geladen:<\/p><p>\u2013 Google Analytics Cookies zu Analysezwecken;<\/p><p>\u2013 Facebook Remarketing- und Werbecookies;<\/p><p>\u2013 Google Remarketing- und Werbecookies;<\/p><p>\u2013 Addthis-Cookies zur Darstellung von Buttons zum Teilen auf sozialen Netzwerken, f\u00fcr Pop-ups und zur Hervorhebung;<\/p><p>\u2013 Cookies sind Marketing-Automatisierungstools zum Tracking von Nutzeraktivit\u00e4ten auf einer Website.<\/p><p>Mit Cookies lassen sich bestimmte Inhalte oder Funktionen einer Anwendung auf einen bestimmten Nutzer anpassen, und zwar auf der Grundlage seiner Entscheidungen oder Pr\u00e4ferenzen oder der Merkmale seines Endger\u00e4ts. Cookies f\u00fcr Analysezwecke tragen zur st\u00e4ndigen Verbesserung der Website bei.<\/p><ol start=\"8\"><li>Anweisungen zur Bearbeitung von Cookies in einzelnen Browsern:<\/li><\/ol><ul><li style=\"list-style-type: none;\"><ul>:<\/ul><\/li><\/ul><p>\u00a0<\/p><ul><li>Google Chrome<\/li><li>Internet Explorer<\/li><li>Safari<\/li><li>Firefox<\/li><li>Opera<\/li><\/ul><ol start=\"9\"><li>Rechtsmitteilung<\/li><\/ol><p>Alle auf <a href=\"www.mavrica.com\">www.mavrica.com<\/a> ver\u00f6ffentlichten Inhalte sind Eigentum des Unternehmens Apartmaji Mavrica d.o.o. Ohne die Genehmigung des Unternehmens Apartmaji Mavrica d.o.o. d\u00fcrfen sie weder kopiert, vervielf\u00e4ltigt oder auf andere Art und Weise verbreitet werden. Das Unternehmen Apartmaji Mavrica d.o.o. \u00fcbernimmt keine Haftung f\u00fcr eventuelle Schwierigkeiten beim Betrieb der Website. Das Unternehmen Apartmaji Mavrica d.o.o. beh\u00e4lt sich das Recht vor, eventuelle Fehler und \u00c4nderungen an den auf <a href=\"www.mavrica.com\">www.mavrica.com<\/a> ver\u00f6ffentlichten Inhalten vorzunehmen.<\/p>\t\t\t\t\t\t\t\t<\/div>\n\t\t\t\t<\/div>\n\t\t\t\t\t<\/div>\n\t\t<\/div>\n\t\t\t\t\t<\/div>\n\t\t<\/section>\n\t\t\t\t\t<\/div>\n\t\t<\/div>\n\t\t\t\t\t<\/div>\n\t\t<\/section>\n\t\t\t\t<\/div>\n\t\t","protected":false},"excerpt":{"rendered":"<p>SCHUTZ PERSONENBEZOGENER DATEN Apartmaji Mavrica d.o.o. sch\u00fctzt alle erhobenen Daten seiner Kunden, in \u00dcbereinstimmung mit dem Gesetz zum Schutz personenbezogener Daten oder in \u00dcbereinstimmung mit den Rechten und Pflichten, die in der Allgemeinen Datenschutzverordnung der Europ\u00e4ischen Union festgelegt sind. Mit dem Ausf\u00fcllen eines Formulars auf der Website www.mavrica.com erkl\u00e4rt sich der Kunde mit der Verwendung [&hellip;]<\/p>\n","protected":false},"author":1,"featured_media":0,"parent":0,"menu_order":0,"comment_status":"closed","ping_status":"closed","template":"","meta":{"footnotes":""},"class_list":["post-32082","page","type-page","status-publish","hentry"],"_links":{"self":[{"href":"https:\/\/mavrica.com\/de\/wp-json\/wp\/v2\/pages\/32082","targetHints":{"allow":["GET"]}}],"collection":[{"href":"https:\/\/mavrica.com\/de\/wp-json\/wp\/v2\/pages"}],"about":[{"href":"https:\/\/mavrica.com\/de\/wp-json\/wp\/v2\/types\/page"}],"author":[{"embeddable":true,"href":"https:\/\/mavrica.com\/de\/wp-json\/wp\/v2\/users\/1"}],"replies":[{"embeddable":true,"href":"https:\/\/mavrica.com\/de\/wp-json\/wp\/v2\/comments?post=32082"}],"version-history":[{"count":3,"href":"https:\/\/mavrica.com\/de\/wp-json\/wp\/v2\/pages\/32082\/revisions"}],"predecessor-version":[{"id":32154,"href":"https:\/\/mavrica.com\/de\/wp-json\/wp\/v2\/pages\/32082\/revisions\/32154"}],"wp:attachment":[{"href":"https:\/\/mavrica.com\/de\/wp-json\/wp\/v2\/media?parent=32082"}],"curies":[{"name":"wp","href":"https:\/\/api.w.org\/{rel}","templated":true}]}}